{"id":950,"date":"2021-07-12T09:47:53","date_gmt":"2021-07-12T09:47:53","guid":{"rendered":"https:\/\/demo2wpopal.b-cdn.net\/bodoni\/?page_id=950"},"modified":"2025-12-03T13:44:25","modified_gmt":"2025-12-03T12:44:25","slug":"historia","status":"publish","type":"page","link":"https:\/\/bodegascentroes.com\/index.php\/historia\/","title":{"rendered":"Historia"},"content":{"rendered":"\t\t<div data-elementor-type=\"wp-page\" data-elementor-id=\"950\" class=\"elementor elementor-950\">\n\t\t\t\t<div class=\"elementor-element elementor-element-4058ccc e-flex e-con-boxed e-con e-parent\" data-id=\"4058ccc\" data-element_type=\"container\">\n\t\t\t\t\t<div class=\"e-con-inner\">\n\t\t\t\t\t<\/div>\n\t\t\t\t<\/div>\n\t\t<div class=\"elementor-element elementor-element-69db314 e-con-full e-flex e-con e-parent\" data-id=\"69db314\" data-element_type=\"container\" data-settings=\"{&quot;background_background&quot;:&quot;classic&quot;}\">\n\t\t\t\t<div class=\"elementor-element elementor-element-f0e9885 elementor-widget elementor-widget-heading\" data-id=\"f0e9885\" data-element_type=\"widget\" data-widget_type=\"heading.default\">\n\t\t\t\t\t<h2 class=\"elementor-heading-title elementor-size-default\">SIGLO XX<\/h2>\t\t\t\t<\/div>\n\t\t\t\t<\/div>\n\t\t<div class=\"elementor-element elementor-element-3d884d5 e-transform e-flex e-con-boxed e-con e-parent\" data-id=\"3d884d5\" data-element_type=\"container\" data-settings=\"{&quot;_transform_scale_effect&quot;:{&quot;unit&quot;:&quot;px&quot;,&quot;size&quot;:1,&quot;sizes&quot;:[]},&quot;_transform_scale_effect_tablet&quot;:{&quot;unit&quot;:&quot;px&quot;,&quot;size&quot;:&quot;&quot;,&quot;sizes&quot;:[]},&quot;_transform_scale_effect_mobile&quot;:{&quot;unit&quot;:&quot;px&quot;,&quot;size&quot;:&quot;&quot;,&quot;sizes&quot;:[]}}\">\n\t\t\t\t\t<div class=\"e-con-inner\">\n\t\t<div class=\"elementor-element elementor-element-941f1c5 e-flex e-con-boxed e-con e-child\" data-id=\"941f1c5\" data-element_type=\"container\" data-settings=\"{&quot;background_background&quot;:&quot;classic&quot;}\">\n\t\t\t\t\t<div class=\"e-con-inner\">\n\t\t\t\t\t<\/div>\n\t\t\t\t<\/div>\n\t\t<div class=\"elementor-element elementor-element-ed860c8 e-con-full e-flex e-con e-child\" data-id=\"ed860c8\" data-element_type=\"container\">\n\t\t\t\t<div class=\"elementor-element elementor-element-1d6144c elementor-widget elementor-widget-heading\" data-id=\"1d6144c\" data-element_type=\"widget\" data-widget_type=\"heading.default\">\n\t\t\t\t\t<h2 class=\"elementor-heading-title elementor-size-default\">Finales de los 80<\/h2>\t\t\t\t<\/div>\n\t\t\t\t<div class=\"elementor-element elementor-element-1ff4c3a elementor-widget-divider--view-line elementor-widget elementor-widget-divider\" data-id=\"1ff4c3a\" data-element_type=\"widget\" data-widget_type=\"divider.default\">\n\t\t\t\t\t\t\t<div class=\"elementor-divider\">\n\t\t\t<span class=\"elementor-divider-separator\">\n\t\t\t\t\t\t<\/span>\n\t\t<\/div>\n\t\t\t\t\t\t<\/div>\n\t\t\t\t<div class=\"elementor-element elementor-element-c7f2f46 elementor-widget elementor-widget-heading\" data-id=\"c7f2f46\" data-element_type=\"widget\" data-widget_type=\"heading.default\">\n\t\t\t\t\t<h2 class=\"elementor-heading-title elementor-size-default\">Los or\u00edgenes<\/h2>\t\t\t\t<\/div>\n\t\t\t\t<div class=\"elementor-element elementor-element-d71c581 elementor-widget elementor-widget-text-editor\" data-id=\"d71c581\" data-element_type=\"widget\" data-widget_type=\"text-editor.default\">\n\t\t\t\t\t\t\t\t\t<p data-start=\"281\" data-end=\"617\">A finales de los a\u00f1os 80, un grupo de 14 empresarios de Tomelloso, decidi\u00f3 adelantarse a su tiempo. La visi\u00f3n era clara: crear la primera gran bodega de crianza de Castilla-La Mancha, con mentalidad de proyecto \u201cch\u00e2teau\u201d y una apuesta decidida por la calidad, la identidad propia y la exportaci\u00f3n.<\/p><p data-start=\"619\" data-end=\"856\">As\u00ed nace el <strong data-start=\"631\" data-end=\"650\">Proyecto Allozo<\/strong> y, con \u00e9l, Bodegas Centro Espa\u00f1olas: una bodega pensada para controlar todo el proceso, desde el origen hasta la botella, con una idea muy simple pero revolucionaria para la \u00e9poca: hacer menos, pero mejor.<\/p>\t\t\t\t\t\t\t\t<\/div>\n\t\t\t\t<\/div>\n\t\t\t\t\t<\/div>\n\t\t\t\t<\/div>\n\t\t<div class=\"elementor-element elementor-element-cf3f41a e-flex e-con-boxed e-con e-parent\" data-id=\"cf3f41a\" data-element_type=\"container\">\n\t\t\t\t\t<div class=\"e-con-inner\">\n\t\t<div class=\"elementor-element elementor-element-d29edb6 e-con-full e-flex e-con e-child\" data-id=\"d29edb6\" data-element_type=\"container\">\n\t\t\t\t<div class=\"elementor-element elementor-element-5f7e348 elementor-widget elementor-widget-heading\" data-id=\"5f7e348\" data-element_type=\"widget\" data-widget_type=\"heading.default\">\n\t\t\t\t\t<h2 class=\"elementor-heading-title elementor-size-default\">1991<\/h2>\t\t\t\t<\/div>\n\t\t\t\t<div class=\"elementor-element elementor-element-219fca9 elementor-widget-divider--view-line elementor-widget elementor-widget-divider\" data-id=\"219fca9\" data-element_type=\"widget\" data-widget_type=\"divider.default\">\n\t\t\t\t\t\t\t<div class=\"elementor-divider\">\n\t\t\t<span class=\"elementor-divider-separator\">\n\t\t\t\t\t\t<\/span>\n\t\t<\/div>\n\t\t\t\t\t\t<\/div>\n\t\t\t\t<div class=\"elementor-element elementor-element-3bcd516 elementor-widget elementor-widget-heading\" data-id=\"3bcd516\" data-element_type=\"widget\" data-widget_type=\"heading.default\">\n\t\t\t\t\t<h2 class=\"elementor-heading-title elementor-size-default\">Tradici\u00f3n, pero con vanguardia<\/h2>\t\t\t\t<\/div>\n\t\t\t\t<div class=\"elementor-element elementor-element-1cd70af elementor-widget elementor-widget-text-editor\" data-id=\"1cd70af\" data-element_type=\"widget\" data-widget_type=\"text-editor.default\">\n\t\t\t\t\t\t\t\t\t<p class=\"MsoNormal\">En 1991 comenz\u00f3 en Tomelloso la andadura de\u00a0<b>Bodegas Centro Espa\u00f1olas<\/b>, una bodega familiar que so\u00f1\u00f3 con convertirse en la primera bodega estilo \u201cChateau\u201d de Castilla-La Mancha, aunando la tecnolog\u00eda m\u00e1s vanguardista con las artes tradicionales de nuestra tierra.<\/p>\t\t\t\t\t\t\t\t<\/div>\n\t\t\t\t<\/div>\n\t\t<div class=\"elementor-element elementor-element-c4bf89c e-con-full e-flex e-con e-child\" data-id=\"c4bf89c\" data-element_type=\"container\" data-settings=\"{&quot;background_background&quot;:&quot;classic&quot;}\">\n\t\t\t\t<\/div>\n\t\t\t\t\t<\/div>\n\t\t\t\t<\/div>\n\t\t<div class=\"elementor-element elementor-element-392e1f9 e-flex e-con-boxed e-con e-parent\" data-id=\"392e1f9\" data-element_type=\"container\">\n\t\t\t\t\t<div class=\"e-con-inner\">\n\t\t<div class=\"elementor-element elementor-element-1080be2 e-flex e-con-boxed e-con e-child\" data-id=\"1080be2\" data-element_type=\"container\" data-settings=\"{&quot;background_background&quot;:&quot;classic&quot;}\">\n\t\t\t\t\t<div class=\"e-con-inner\">\n\t\t\t\t\t<\/div>\n\t\t\t\t<\/div>\n\t\t<div class=\"elementor-element elementor-element-2a86380 e-con-full e-flex e-con e-child\" data-id=\"2a86380\" data-element_type=\"container\">\n\t\t\t\t<div class=\"elementor-element elementor-element-0ce91c6 elementor-widget elementor-widget-heading\" data-id=\"0ce91c6\" data-element_type=\"widget\" data-widget_type=\"heading.default\">\n\t\t\t\t\t<h2 class=\"elementor-heading-title elementor-size-default\">1992<\/h2>\t\t\t\t<\/div>\n\t\t\t\t<div class=\"elementor-element elementor-element-69e5c93 elementor-widget-divider--view-line elementor-widget elementor-widget-divider\" data-id=\"69e5c93\" data-element_type=\"widget\" data-widget_type=\"divider.default\">\n\t\t\t\t\t\t\t<div class=\"elementor-divider\">\n\t\t\t<span class=\"elementor-divider-separator\">\n\t\t\t\t\t\t<\/span>\n\t\t<\/div>\n\t\t\t\t\t\t<\/div>\n\t\t\t\t<div class=\"elementor-element elementor-element-be13c93 elementor-widget elementor-widget-heading\" data-id=\"be13c93\" data-element_type=\"widget\" data-widget_type=\"heading.default\">\n\t\t\t\t\t<h2 class=\"elementor-heading-title elementor-size-default\">La creaci\u00f3n de la bodega<\/h2>\t\t\t\t<\/div>\n\t\t\t\t<div class=\"elementor-element elementor-element-4e9e4ff elementor-widget elementor-widget-text-editor\" data-id=\"4e9e4ff\" data-element_type=\"widget\" data-widget_type=\"text-editor.default\">\n\t\t\t\t\t\t\t\t\t<p>En la primavera de 1992 se inicia la construcci\u00f3n de las actuales instalaciones de <strong data-start=\"1529\" data-end=\"1557\">Bodegas Centro Espa\u00f1olas<\/strong>. No se trataba solo de levantar una bodega moderna, sino de unirla a una parte esencial de la memoria vin\u00edcola de Tomelloso.<\/p>\t\t\t\t\t\t\t\t<\/div>\n\t\t\t\t<\/div>\n\t\t\t\t\t<\/div>\n\t\t\t\t<\/div>\n\t\t<div class=\"elementor-element elementor-element-6498b71 e-con-full e-flex e-con e-parent\" data-id=\"6498b71\" data-element_type=\"container\" data-settings=\"{&quot;background_background&quot;:&quot;classic&quot;}\">\n\t\t\t\t<div class=\"elementor-element elementor-element-2d8b94e elementor-widget elementor-widget-heading\" data-id=\"2d8b94e\" data-element_type=\"widget\" data-widget_type=\"heading.default\">\n\t\t\t\t\t<h2 class=\"elementor-heading-title elementor-size-default\">SIGLO XXI<\/h2>\t\t\t\t<\/div>\n\t\t\t\t<\/div>\n\t\t<div class=\"elementor-element elementor-element-29b7002 e-flex e-con-boxed e-con e-parent\" data-id=\"29b7002\" data-element_type=\"container\">\n\t\t\t\t\t<div class=\"e-con-inner\">\n\t\t<div class=\"elementor-element elementor-element-662e6c3 e-con-full e-flex e-con e-child\" data-id=\"662e6c3\" data-element_type=\"container\" data-settings=\"{&quot;background_background&quot;:&quot;classic&quot;}\">\n\t\t\t\t<div class=\"elementor-element elementor-element-dfcb259 elementor-widget elementor-widget-heading\" data-id=\"dfcb259\" data-element_type=\"widget\" data-widget_type=\"heading.default\">\n\t\t\t\t\t<h2 class=\"elementor-heading-title elementor-size-default\">2021<\/h2>\t\t\t\t<\/div>\n\t\t\t\t<div class=\"elementor-element elementor-element-dd840c8 elementor-widget-divider--view-line elementor-widget elementor-widget-divider\" data-id=\"dd840c8\" data-element_type=\"widget\" data-widget_type=\"divider.default\">\n\t\t\t\t\t\t\t<div class=\"elementor-divider\">\n\t\t\t<span class=\"elementor-divider-separator\">\n\t\t\t\t\t\t<\/span>\n\t\t<\/div>\n\t\t\t\t\t\t<\/div>\n\t\t\t\t<div class=\"elementor-element elementor-element-c93f8c0 elementor-widget elementor-widget-heading\" data-id=\"c93f8c0\" data-element_type=\"widget\" data-widget_type=\"heading.default\">\n\t\t\t\t\t<h2 class=\"elementor-heading-title elementor-size-default\">30 aniversario<\/h2>\t\t\t\t<\/div>\n\t\t\t\t<div class=\"elementor-element elementor-element-93a69ca elementor-widget elementor-widget-text-editor\" data-id=\"93a69ca\" data-element_type=\"widget\" data-widget_type=\"text-editor.default\">\n\t\t\t\t\t\t\t\t\t<p>Bodegas Centro Espa\u00f1olas celebra sus 30 a\u00f1os con con la visi\u00f3n de adentrarse en una nueva etapa, manteniendo el car\u00e1cter vanguardista que siempre ha caracterizado a la casa.<\/p>\t\t\t\t\t\t\t\t<\/div>\n\t\t\t\t<\/div>\n\t\t<div class=\"elementor-element elementor-element-0bfada1 e-con-full e-flex e-con e-child\" data-id=\"0bfada1\" data-element_type=\"container\" data-settings=\"{&quot;background_background&quot;:&quot;classic&quot;}\">\n\t\t\t\t<\/div>\n\t\t\t\t\t<\/div>\n\t\t\t\t<\/div>\n\t\t<div class=\"elementor-element elementor-element-dba0cf9 e-flex e-con-boxed e-con e-parent\" data-id=\"dba0cf9\" data-element_type=\"container\">\n\t\t\t\t\t<div class=\"e-con-inner\">\n\t\t<div class=\"elementor-element elementor-element-25df4f6 e-con-full e-flex e-con e-child\" data-id=\"25df4f6\" data-element_type=\"container\" data-settings=\"{&quot;background_background&quot;:&quot;classic&quot;}\">\n\t\t\t\t<\/div>\n\t\t<div class=\"elementor-element elementor-element-9a78256 e-con-full e-flex e-con e-child\" data-id=\"9a78256\" data-element_type=\"container\">\n\t\t\t\t<div class=\"elementor-element elementor-element-955f894 elementor-widget elementor-widget-heading\" data-id=\"955f894\" data-element_type=\"widget\" data-widget_type=\"heading.default\">\n\t\t\t\t\t<h2 class=\"elementor-heading-title elementor-size-default\">2025<\/h2>\t\t\t\t<\/div>\n\t\t\t\t<div class=\"elementor-element elementor-element-e904927 elementor-widget-divider--view-line elementor-widget elementor-widget-divider\" data-id=\"e904927\" data-element_type=\"widget\" data-widget_type=\"divider.default\">\n\t\t\t\t\t\t\t<div class=\"elementor-divider\">\n\t\t\t<span class=\"elementor-divider-separator\">\n\t\t\t\t\t\t<\/span>\n\t\t<\/div>\n\t\t\t\t\t\t<\/div>\n\t\t\t\t<div class=\"elementor-element elementor-element-cb2cf58 elementor-widget elementor-widget-heading\" data-id=\"cb2cf58\" data-element_type=\"widget\" data-widget_type=\"heading.default\">\n\t\t\t\t\t<h2 class=\"elementor-heading-title elementor-size-default\">Una nueva era<\/h2>\t\t\t\t<\/div>\n\t\t\t\t<div class=\"elementor-element elementor-element-c1a58b3 elementor-widget elementor-widget-text-editor\" data-id=\"c1a58b3\" data-element_type=\"widget\" data-widget_type=\"text-editor.default\">\n\t\t\t\t\t\t\t\t\t<p class=\"MsoNormal\">En 2025, abrimos una nueva etapa. Una etapa que honra el camino recorrido, pero que mira al futuro con la misma determinaci\u00f3n que nos impuls\u00f3 desde el inicio. Seguimos elaborando vinos que reflejan el origen, el clima y la personalidad de nuestra tierra: honestos, equilibrados y concebidos para perdurar. Con nuevas perspectivas y la s\u00f3lida experiencia de m\u00e1s de tres d\u00e9cadas.<\/p>\t\t\t\t\t\t\t\t<\/div>\n\t\t\t\t<\/div>\n\t\t\t\t\t<\/div>\n\t\t\t\t<\/div>\n\t\t\t\t<\/div>\n\t\t","protected":false},"excerpt":{"rendered":"<p>SIGLO XX Finales de los 80 Los or\u00edgenes A finales de los a\u00f1os 80, un grupo de 14 empresarios de Tomelloso, decidi\u00f3 adelantarse a su tiempo. La visi\u00f3n era clara: crear la primera gran bodega de crianza de Castilla-La Mancha, con mentalidad de proyecto \u201cch\u00e2teau\u201d y una apuesta decidida por la calidad, la identidad propia [&hellip;]<\/p>\n","protected":false},"author":2,"featured_media":0,"parent":0,"menu_order":0,"comment_status":"closed","ping_status":"closed","template":"template-homepage.php","meta":{"footnotes":""},"class_list":["post-950","page","type-page","status-publish","hentry"],"_links":{"self":[{"href":"https:\/\/bodegascentroes.com\/index.php\/wp-json\/wp\/v2\/pages\/950","targetHints":{"allow":["GET"]}}],"collection":[{"href":"https:\/\/bodegascentroes.com\/index.php\/wp-json\/wp\/v2\/pages"}],"about":[{"href":"https:\/\/bodegascentroes.com\/index.php\/wp-json\/wp\/v2\/types\/page"}],"author":[{"embeddable":true,"href":"https:\/\/bodegascentroes.com\/index.php\/wp-json\/wp\/v2\/users\/2"}],"replies":[{"embeddable":true,"href":"https:\/\/bodegascentroes.com\/index.php\/wp-json\/wp\/v2\/comments?post=950"}],"version-history":[{"count":592,"href":"https:\/\/bodegascentroes.com\/index.php\/wp-json\/wp\/v2\/pages\/950\/revisions"}],"predecessor-version":[{"id":7943,"href":"https:\/\/bodegascentroes.com\/index.php\/wp-json\/wp\/v2\/pages\/950\/revisions\/7943"}],"wp:attachment":[{"href":"https:\/\/bodegascentroes.com\/index.php\/wp-json\/wp\/v2\/media?parent=950"}],"curies":[{"name":"wp","href":"https:\/\/api.w.org\/{rel}","templated":true}]}}