{"id":8070,"date":"2026-01-19T07:57:00","date_gmt":"2026-01-19T06:57:00","guid":{"rendered":"https:\/\/bodegascentroes.com\/?page_id=8070"},"modified":"2026-01-19T07:58:53","modified_gmt":"2026-01-19T06:58:53","slug":"curso-presencial-de-enologia-aplicada","status":"publish","type":"page","link":"https:\/\/bodegascentroes.com\/index.php\/curso-presencial-de-enologia-aplicada\/","title":{"rendered":"Curso Presencial de Enolog\u00eda Aplicada"},"content":{"rendered":"\t\t<div data-elementor-type=\"wp-page\" data-elementor-id=\"8070\" class=\"elementor elementor-8070\">\n\t\t\t\t<div class=\"elementor-element elementor-element-e5f0e12 e-con-full e-flex e-con e-parent\" data-id=\"e5f0e12\" data-element_type=\"container\">\n\t\t<div class=\"elementor-element elementor-element-3c6e20f e-con-full e-flex e-con e-child\" data-id=\"3c6e20f\" data-element_type=\"container\">\n\t\t\t\t<div class=\"elementor-element elementor-element-ae9ddc3 elementor-widget elementor-widget-text-editor\" data-id=\"ae9ddc3\" data-element_type=\"widget\" data-widget_type=\"text-editor.default\">\n\t\t\t\t\t\t\t\t\t<p>Formaci\u00f3n de cumplimiento normativo (UE) \u00b7 Industria alimentaria<\/p>\t\t\t\t\t\t\t\t<\/div>\n\t\t\t\t<div class=\"elementor-element elementor-element-91f0d3c elementor-widget elementor-widget-heading\" data-id=\"91f0d3c\" data-element_type=\"widget\" data-widget_type=\"heading.default\">\n\t\t\t\t\t<h2 class=\"elementor-heading-title elementor-size-default\">Curso Presencial<\/h2>\t\t\t\t<\/div>\n\t\t\t\t<div class=\"elementor-element elementor-element-00e7ad7 elementor-widget elementor-widget-heading\" data-id=\"00e7ad7\" data-element_type=\"widget\" data-widget_type=\"heading.default\">\n\t\t\t\t\t<h2 class=\"elementor-heading-title elementor-size-default\">Enolog\u00eda Aplicada<\/h2>\t\t\t\t<\/div>\n\t\t\t\t<div class=\"elementor-element elementor-element-065a5ad elementor-widget elementor-widget-text-editor\" data-id=\"065a5ad\" data-element_type=\"widget\" data-widget_type=\"text-editor.default\">\n\t\t\t\t\t\t\t\t\t<p data-start=\"83\" data-end=\"288\">Formaci\u00f3n <strong data-start=\"93\" data-end=\"123\">100 % presencial en bodega<\/strong>, dise\u00f1ada para aprender desde dentro del proceso. Se trabaja directamente sobre <strong data-start=\"204\" data-end=\"230\">elaboraciones en curso<\/strong>, en contacto continuo con el d\u00eda a d\u00eda real de la bodega.<\/p><p data-start=\"290\" data-end=\"575\">El curso fomenta la <strong data-start=\"310\" data-end=\"334\">participaci\u00f3n activa<\/strong> y el an\u00e1lisis de situaciones reales que se producen durante la elaboraci\u00f3n del vino. Las sesiones se desarrollan en <strong data-start=\"451\" data-end=\"471\">grupos reducidos<\/strong>, lo que permite un trato cercano, seguimiento personalizado y un intercambio constante con el formador.<\/p><p data-start=\"577\" data-end=\"785\">El enfoque es <strong data-start=\"591\" data-end=\"618\">profesional y operativo<\/strong>, orientado a comprender c\u00f3mo se trabaja en una bodega de verdad, c\u00f3mo se toman decisiones t\u00e9cnicas y c\u00f3mo se afrontan los problemas reales del proceso de elaboraci\u00f3n.<\/p>\t\t\t\t\t\t\t\t<\/div>\n\t\t\t\t<\/div>\n\t\t<div class=\"elementor-element elementor-element-78e6230 e-con-full e-flex e-con e-child\" data-id=\"78e6230\" data-element_type=\"container\">\n\t\t\t\t<div class=\"elementor-element elementor-element-74fe7df elementor-widget elementor-widget-wpforms\" data-id=\"74fe7df\" data-element_type=\"widget\" data-widget_type=\"wpforms.default\">\n\t\t\t\t<div class=\"elementor-widget-container\">\n\t\t\t\t\t<style id=\"wpforms-css-vars-elementor-widget-74fe7df\">\n\t\t\t\t.elementor-widget-wpforms.elementor-element-74fe7df {\n\t\t\t\t--wpforms-field-size-input-height: 31px;\n--wpforms-field-size-input-spacing: 10px;\n--wpforms-field-size-font-size: 14px;\n--wpforms-field-size-line-height: 17px;\n--wpforms-field-size-padding-h: 9px;\n--wpforms-field-size-checkbox-size: 14px;\n--wpforms-field-size-sublabel-spacing: 5px;\n--wpforms-field-size-icon-size: 0.75;\n--wpforms-button-size-font-size: 14px;\n--wpforms-button-size-height: 37px;\n--wpforms-button-size-padding-h: 15px;\n--wpforms-button-size-margin-top: 5px;\n\t\t\t}\n\t\t\t<\/style><div class=\"wpforms-container wpforms-container-full wpforms-render-modern\" id=\"wpforms-8073\"><form id=\"wpforms-form-8073\" class=\"wpforms-validate wpforms-form wpforms-ajax-form\" data-formid=\"8073\" method=\"post\" enctype=\"multipart\/form-data\" action=\"\/index.php\/wp-json\/wp\/v2\/pages\/8070\" data-token=\"a7eb9f32a755ed204ee7961c2c7175b3\" data-token-time=\"1776847274\"><noscript class=\"wpforms-error-noscript\">Por favor, activa JavaScript en tu navegador para completar este formulario.<\/noscript><div id=\"wpforms-error-noscript\" style=\"display: none;\">Por favor, activa JavaScript en tu navegador para completar este formulario.<\/div><div class=\"wpforms-field-container\"><div id=\"wpforms-8073-field_3-container\" class=\"wpforms-field wpforms-field-name\" data-field-id=\"3\"><fieldset><legend class=\"wpforms-field-label\">Nombre y apellidos <span class=\"wpforms-required-label\" aria-hidden=\"true\">*<\/span><\/legend><div class=\"wpforms-field-row wpforms-field-large\"><div class=\"wpforms-field-row-block wpforms-first wpforms-one-half\"><input type=\"text\" id=\"wpforms-8073-field_3\" class=\"wpforms-field-name-first wpforms-field-required\" name=\"wpforms[fields][3][first]\" aria-errormessage=\"wpforms-8073-field_3-error\" required><label for=\"wpforms-8073-field_3\" class=\"wpforms-field-sublabel after\">Nombre<\/label><\/div><div class=\"wpforms-field-row-block wpforms-one-half\"><input type=\"text\" id=\"wpforms-8073-field_3-last\" class=\"wpforms-field-name-last wpforms-field-required\" name=\"wpforms[fields][3][last]\" aria-errormessage=\"wpforms-8073-field_3-last-error\" required><label for=\"wpforms-8073-field_3-last\" class=\"wpforms-field-sublabel after\">Apellidos<\/label><\/div><\/div><\/fieldset><\/div><div id=\"wpforms-8073-field_5-container\" class=\"wpforms-field wpforms-field-text\" data-field-id=\"5\"><label class=\"wpforms-field-label\" for=\"wpforms-8073-field_5\">Provincia<\/label><input type=\"text\" id=\"wpforms-8073-field_5\" class=\"wpforms-field-large\" name=\"wpforms[fields][5]\" aria-errormessage=\"wpforms-8073-field_5-error\" ><\/div>\t\t<div id=\"wpforms-8073-field_1-container\"\n\t\t\tclass=\"wpforms-field wpforms-field-text\"\n\t\t\tdata-field-type=\"text\"\n\t\t\tdata-field-id=\"1\"\n\t\t\t>\n\t\t\t<label class=\"wpforms-field-label\" for=\"wpforms-8073-field_1\" >Correo Nombre apellidos<\/label>\n\t\t\t<input type=\"text\" id=\"wpforms-8073-field_1\" class=\"wpforms-field-medium\" name=\"wpforms[fields][1]\" >\n\t\t<\/div>\n\t\t<div id=\"wpforms-8073-field_7-container\" class=\"wpforms-field wpforms-field-email\" data-field-id=\"7\"><label class=\"wpforms-field-label\" for=\"wpforms-8073-field_7\">Correo electr\u00f3nico <span class=\"wpforms-required-label\" aria-hidden=\"true\">*<\/span><\/label><input type=\"email\" id=\"wpforms-8073-field_7\" class=\"wpforms-field-large wpforms-field-required\" name=\"wpforms[fields][7]\" spellcheck=\"false\" aria-errormessage=\"wpforms-8073-field_7-error\" required><\/div><div id=\"wpforms-8073-field_8-container\" class=\"wpforms-field wpforms-field-text\" data-field-id=\"8\"><label class=\"wpforms-field-label\" for=\"wpforms-8073-field_8\">Tel\u00e9fono <span class=\"wpforms-required-label\" aria-hidden=\"true\">*<\/span><\/label><input type=\"text\" id=\"wpforms-8073-field_8\" class=\"wpforms-field-large wpforms-field-required\" name=\"wpforms[fields][8]\" aria-errormessage=\"wpforms-8073-field_8-error\" required><\/div><div id=\"wpforms-8073-field_10-container\" class=\"wpforms-field wpforms-field-text\" data-field-id=\"10\"><label class=\"wpforms-field-label\" for=\"wpforms-8073-field_10\">Empresa <span class=\"wpforms-required-label\" aria-hidden=\"true\">*<\/span><\/label><input type=\"text\" id=\"wpforms-8073-field_10\" class=\"wpforms-field-large wpforms-field-required\" name=\"wpforms[fields][10]\" aria-errormessage=\"wpforms-8073-field_10-error\" required><\/div><script>\n\t\t\t\t( function() {\n\t\t\t\t\tconst style = document.createElement( 'style' );\n\t\t\t\t\tstyle.appendChild( document.createTextNode( '#wpforms-8073-field_1-container { position: absolute !important; overflow: hidden !important; display: inline !important; height: 1px !important; width: 1px !important; z-index: -1000 !important; padding: 0 !important; } #wpforms-8073-field_1-container input { visibility: hidden; } #wpforms-conversational-form-page #wpforms-8073-field_1-container label { counter-increment: none; }' ) );\n\t\t\t\t\tdocument.head.appendChild( style );\n\t\t\t\t\tdocument.currentScript?.remove();\n\t\t\t\t} )();\n\t\t\t<\/script><\/div><!-- .wpforms-field-container --><div class=\"wpforms-submit-container\" ><input type=\"hidden\" name=\"wpforms[id]\" value=\"8073\"><input type=\"hidden\" name=\"page_title\" value=\"\"><input type=\"hidden\" name=\"page_url\" value=\"https:\/\/bodegascentroes.com\/index.php\/wp-json\/wp\/v2\/pages\/8070\"><input type=\"hidden\" name=\"url_referer\" value=\"\"><button type=\"submit\" name=\"wpforms[submit]\" id=\"wpforms-submit-8073\" class=\"wpforms-submit\" data-alt-text=\"Enviando...\" data-submit-text=\"Solicitar Informaci\u00f3n\" aria-live=\"assertive\" value=\"wpforms-submit\">Solicitar Informaci\u00f3n<\/button><img decoding=\"async\" src=\"https:\/\/bodegascentroes.com\/wp-content\/plugins\/wpforms-lite\/assets\/images\/submit-spin.svg\" class=\"wpforms-submit-spinner\" style=\"display: none;\" width=\"26\" height=\"26\" alt=\"Cargando\"><\/div><\/form><\/div>  <!-- .wpforms-container -->\t\t\t\t<\/div>\n\t\t\t\t<\/div>\n\t\t\t\t<\/div>\n\t\t\t\t<\/div>\n\t\t<div class=\"elementor-element elementor-element-18d3d61 e-grid e-con-full e-con e-parent\" data-id=\"18d3d61\" data-element_type=\"container\">\n\t\t<div class=\"elementor-element elementor-element-ebe03d8 e-con-full e-grid e-con e-child\" data-id=\"ebe03d8\" data-element_type=\"container\">\n\t\t\t\t<div class=\"elementor-element elementor-element-9efd425 elementor-widget elementor-widget-heading\" data-id=\"9efd425\" data-element_type=\"widget\" data-widget_type=\"heading.default\">\n\t\t\t\t\t<h3 class=\"elementor-heading-title elementor-size-default\">400 horas de formaci\u00f3n<\/h3>\t\t\t\t<\/div>\n\t\t\t\t<div class=\"elementor-element elementor-element-abd0638 elementor-widget elementor-widget-heading\" data-id=\"abd0638\" data-element_type=\"widget\" data-widget_type=\"heading.default\">\n\t\t\t\t\t<h3 class=\"elementor-heading-title elementor-size-default\">Gratis si est\u00e1s trabajando*<\/h3>\t\t\t\t<\/div>\n\t\t\t\t<\/div>\n\t\t<div class=\"elementor-element elementor-element-618f0ea e-con-full e-flex e-con e-child\" data-id=\"618f0ea\" data-element_type=\"container\">\n\t\t\t\t<div class=\"elementor-element elementor-element-6f54808 elementor-widget elementor-widget-heading\" data-id=\"6f54808\" data-element_type=\"widget\" data-widget_type=\"heading.default\">\n\t\t\t\t\t<h3 class=\"elementor-heading-title elementor-size-default\">Precio 5.200\u20ac<\/h3>\t\t\t\t<\/div>\n\t\t\t\t<div class=\"elementor-element elementor-element-d7392df elementor-widget elementor-widget-heading\" data-id=\"d7392df\" data-element_type=\"widget\" data-widget_type=\"heading.default\">\n\t\t\t\t\t<h3 class=\"elementor-heading-title elementor-size-default\">PLAZAS AGOTADAS<\/h3>\t\t\t\t<\/div>\n\t\t\t\t<\/div>\n\t\t\t\t<div class=\"elementor-element elementor-element-3b4313e elementor-widget elementor-widget-text-editor\" data-id=\"3b4313e\" data-element_type=\"widget\" data-widget_type=\"text-editor.default\">\n\t\t\t\t\t\t\t\t\t<p>* Cursos bonificables con los cr\u00e9ditos de formaci\u00f3n de la empresa gestionados por Fundae<\/p>\t\t\t\t\t\t\t\t<\/div>\n\t\t\t\t<\/div>\n\t\t<div class=\"elementor-element elementor-element-e90b0a6 e-con-full e-flex e-con e-parent\" data-id=\"e90b0a6\" data-element_type=\"container\">\n\t\t<div class=\"elementor-element elementor-element-ead2230 e-con-full e-flex e-con e-child\" data-id=\"ead2230\" data-element_type=\"container\">\n\t\t\t\t<div class=\"elementor-element elementor-element-3fa7df9 elementor-widget elementor-widget-heading\" data-id=\"3fa7df9\" data-element_type=\"widget\" data-widget_type=\"heading.default\">\n\t\t\t\t\t<h2 class=\"elementor-heading-title elementor-size-default\">Objetivos del curso<\/h2>\t\t\t\t<\/div>\n\t\t<div class=\"elementor-element elementor-element-1b82546 e-grid e-con-full e-con e-child\" data-id=\"1b82546\" data-element_type=\"container\">\n\t\t\t\t<div class=\"elementor-element elementor-element-47a2451 elementor-widget elementor-widget-text-editor\" data-id=\"47a2451\" data-element_type=\"widget\" data-widget_type=\"text-editor.default\">\n\t\t\t\t\t\t\t\t\t<h5><strong>Comprender<\/strong><\/h5><p>Proceso completo de elaboraci\u00f3n del vino, desde la uva hasta el embotellado.<\/p>\t\t\t\t\t\t\t\t<\/div>\n\t\t\t\t<div class=\"elementor-element elementor-element-5a46014 elementor-widget elementor-widget-text-editor\" data-id=\"5a46014\" data-element_type=\"widget\" data-widget_type=\"text-editor.default\">\n\t\t\t\t\t\t\t\t\t<h5><strong>Identificar<\/strong><\/h5><p>Variedades de uva, estilos de vino y t\u00e9cnicas de vinificaci\u00f3n empleadas en bodegas profesionales.<\/p>\t\t\t\t\t\t\t\t<\/div>\n\t\t\t\t<div class=\"elementor-element elementor-element-155bb3f elementor-widget elementor-widget-text-editor\" data-id=\"155bb3f\" data-element_type=\"widget\" data-widget_type=\"text-editor.default\">\n\t\t\t\t\t\t\t\t\t<h5><strong>Interpretar<\/strong><\/h5><p>Par\u00e1metros enol\u00f3gicos clave (anal\u00edticos y sensoriales).<\/p>\t\t\t\t\t\t\t\t<\/div>\n\t\t\t\t<\/div>\n\t\t<div class=\"elementor-element elementor-element-c0119bd e-grid e-con-full e-con e-child\" data-id=\"c0119bd\" data-element_type=\"container\">\n\t\t\t\t<div class=\"elementor-element elementor-element-125dab1 elementor-widget elementor-widget-text-editor\" data-id=\"125dab1\" data-element_type=\"widget\" data-widget_type=\"text-editor.default\">\n\t\t\t\t\t\t\t\t\t<h5><strong>Participar<\/strong><\/h5><p>Participaci\u00f3n activa en procesos reales de bodega: fermentaci\u00f3n, trasiegos, crianza y estabilizaci\u00f3n.<\/p>\t\t\t\t\t\t\t\t<\/div>\n\t\t\t\t<div class=\"elementor-element elementor-element-0d71617 elementor-widget elementor-widget-text-editor\" data-id=\"0d71617\" data-element_type=\"widget\" data-widget_type=\"text-editor.default\">\n\t\t\t\t\t\t\t\t\t<h5><strong>Desarrollar<\/strong><\/h5><p>Criterio t\u00e9cnico y sensorial para evaluar vinos de forma profesional.<\/p>\t\t\t\t\t\t\t\t<\/div>\n\t\t\t\t<div class=\"elementor-element elementor-element-d2d1519 elementor-widget elementor-widget-text-editor\" data-id=\"d2d1519\" data-element_type=\"widget\" data-widget_type=\"text-editor.default\">\n\t\t\t\t\t\t\t\t\t<h5><strong>Entender<\/strong><\/h5><p>Toma de decisiones enol\u00f3gicas segun mercado, calidad y posicionamiento del vino.<\/p>\t\t\t\t\t\t\t\t<\/div>\n\t\t\t\t<\/div>\n\t\t<div class=\"elementor-element elementor-element-f8b5c40 e-grid e-con-full e-con e-child\" data-id=\"f8b5c40\" data-element_type=\"container\">\n\t\t\t\t<div class=\"elementor-element elementor-element-72a4975 elementor-widget elementor-widget-text-editor\" data-id=\"72a4975\" data-element_type=\"widget\" data-widget_type=\"text-editor.default\">\n\t\t\t\t\t\t\t\t\t<h5><strong>Conocer<\/strong><\/h5><p>Normativa b\u00e1sica aplicable a la producci\u00f3n vitivin\u00edcola en Espa\u00f1a y la Uni\u00f3n Europea.<\/p>\t\t\t\t\t\t\t\t<\/div>\n\t\t\t\t<\/div>\n\t\t\t\t<\/div>\n\t\t\t\t<\/div>\n\t\t<div class=\"elementor-element elementor-element-46cfbd0 e-con-full e-flex e-con e-parent\" data-id=\"46cfbd0\" data-element_type=\"container\">\n\t\t<div class=\"elementor-element elementor-element-800818d e-con-full e-flex e-con e-child\" data-id=\"800818d\" data-element_type=\"container\">\n\t\t\t\t<div class=\"elementor-element elementor-element-e10b94b elementor-widget elementor-widget-heading\" data-id=\"e10b94b\" data-element_type=\"widget\" data-widget_type=\"heading.default\">\n\t\t\t\t\t<h2 class=\"elementor-heading-title elementor-size-default\">CERTIFICACI\u00d3N<\/h2>\t\t\t\t<\/div>\n\t\t<div class=\"elementor-element elementor-element-a1f53e7 e-grid e-con-full e-con e-child\" data-id=\"a1f53e7\" data-element_type=\"container\">\n\t\t\t\t<div class=\"elementor-element elementor-element-45e124e elementor-widget elementor-widget-text-editor\" data-id=\"45e124e\" data-element_type=\"widget\" data-widget_type=\"text-editor.default\">\n\t\t\t\t\t\t\t\t\t<p>Diploma de aprovechamiento.<\/p><p>Emitido por <strong>Bodegas Centro Espa\u00f1olas<\/strong>.<\/p>\t\t\t\t\t\t\t\t<\/div>\n\t\t\t\t<div class=\"elementor-element elementor-element-9ce062d elementor-widget elementor-widget-image\" data-id=\"9ce062d\" data-element_type=\"widget\" data-widget_type=\"image.default\">\n\t\t\t\t\t\t\t\t\t\t\t\t\t\t\t<img decoding=\"async\" src=\"https:\/\/bodegascentroes.com\/wp-content\/uploads\/elementor\/thumbs\/Logotipo-Bodegas-Centro-Espanolas-scaled-rfk47lk3s6o7ztcd7jhzdd5qtp7sxjedz75ep5cg5w.jpg\" title=\"Logotipo Bodegas Centro Espa\u00f1olas\" alt=\"Logotipo Bodegas Centro Espa\u00f1olas\" loading=\"lazy\" \/>\t\t\t\t\t\t\t\t\t\t\t\t\t\t\t<\/div>\n\t\t\t\t<\/div>\n\t\t\t\t<\/div>\n\t\t\t\t<\/div>\n\t\t<div class=\"elementor-element elementor-element-7f752e3 e-grid e-con-full e-con e-parent\" data-id=\"7f752e3\" data-element_type=\"container\">\n\t\t\t\t<div class=\"elementor-element elementor-element-ef1414c elementor-widget__width-inherit elementor-widget elementor-widget-heading\" data-id=\"ef1414c\" data-element_type=\"widget\" data-widget_type=\"heading.default\">\n\t\t\t\t\t<h2 class=\"elementor-heading-title elementor-size-default\">Temario del curso<\/h2>\t\t\t\t<\/div>\n\t\t\t\t<div class=\"elementor-element elementor-element-824531d elementor-widget elementor-widget-text-editor\" data-id=\"824531d\" data-element_type=\"widget\" data-widget_type=\"text-editor.default\">\n\t\t\t\t\t\t\t\t\t<p><strong>M\u00d3DULO 1 \u00b7 INTRODUCCI\u00d3N A LA ENOLOG\u00cdA <\/strong><\/p><ul><li>Qu\u00e9 es la enolog\u00eda hoy: t\u00e9cnica, arte y mercado<\/li><li>El papel del en\u00f3logo en una bodega moderna<\/li><li>Tipos de bodegas y modelos productivos<\/li><li>Instalaciones, equipos y flujos de trabajo en bodega<\/li><\/ul><p><strong>Visita guiada t\u00e9cnica a la bodega<\/strong><\/p><p><strong>M\u00d3DULO 2 \u00b7 VITICULTURA APLICADA A LA ENOLOG\u00cdA <\/strong><\/p><ul><li>La vid y su ciclo vegetativo<\/li><li>Principales variedades de uva<\/li><li>Influencia del suelo, clima y manejo del vi\u00f1edo<\/li><li>Maduraci\u00f3n de la uva y criterios de vendimia<\/li><li>Relaci\u00f3n vi\u00f1edo\u2013bodega: decisiones clave<\/li><\/ul><p><strong>Cata comparativa por variedades<\/strong><\/p><p><strong>M\u00d3DULO 3 \u00b7 ELABORACI\u00d3N DEL VINO <\/strong><\/p><ul><li>Recepci\u00f3n de la uva y controles iniciales<\/li><li>Despalillado, estrujado y prensado<\/li><li>Fermentaci\u00f3n alcoh\u00f3lica: procesos, control y problemas<\/li><li>Maceraciones y extracciones<\/li><li>Elaboraci\u00f3n de vinos blancos, tintos y rosados<\/li><li>Fermentaci\u00f3n malol\u00e1ctica<\/li><\/ul><p><strong>Pr\u00e1ctica en bodega con dep\u00f3sitos reales<\/strong><\/p><p><strong>M\u00d3DULO 4 \u00b7 CRIANZA Y ENVEJECIMIENTO <\/strong><\/p><ul><li>Crianza en barrica: tipos de madera y tostados<\/li><li>Crianza en dep\u00f3sito y botella<\/li><li>Evoluci\u00f3n del vino en el tiempo<\/li><li>Decisiones de ensamblaje<\/li><li>Defectos y desviaciones durante la crianza<\/li><\/ul><p><strong>Cata t\u00e9cnica de vinos en distintas fases de crianza<\/strong><\/p><p><strong>M\u00d3DULO 5 \u00b7 AN\u00c1LISIS Y CONTROL DE CALIDAD <\/strong><\/p><ul><li>Par\u00e1metros anal\u00edticos b\u00e1sicos del vino<\/li><li>Interpretaci\u00f3n de resultados de laboratorio<\/li><li>Estabilidad proteica y tart\u00e1rica<\/li><li>Clarificaci\u00f3n, filtraci\u00f3n y estabilizaci\u00f3n<\/li><li>Preparaci\u00f3n para el embotellado<\/li><\/ul><p><strong>Demostraci\u00f3n pr\u00e1ctica de controles enol\u00f3gicos<\/strong><\/p><p><strong>M\u00d3DULO 6 \u00b7 CATA PROFESIONAL Y AN\u00c1LISIS SENSORIAL <\/strong><\/p><ul><li>Fases de la cata profesional<\/li><li>Identificaci\u00f3n de aromas y sabores<\/li><li>Defectos del vino<\/li><li>Estilos de vino y tipicidad<\/li><li>Cata comparativa guiada<\/li><\/ul><p><strong>Catas dirigidas diarias con vinos de la bodega<\/strong><\/p><p><strong>M\u00d3DULO 7 \u00b7 NOCIONES DE NORMATIVA Y MERCADO <\/strong><\/p><ul><li>Legislaci\u00f3n b\u00e1sica vitivin\u00edcola<\/li><li>Etiquetado y trazabilidad<\/li><li>Denominaciones de origen y vinos sin DO<\/li><li>Introducci\u00f3n al mercado del vino<\/li><li>El vino como producto de valor y marca<\/li><\/ul>\t\t\t\t\t\t\t\t<\/div>\n\t\t\t\t<\/div>\n\t\t\t\t<\/div>\n\t\t","protected":false},"excerpt":{"rendered":"<p>Formaci\u00f3n de cumplimiento normativo (UE) \u00b7 Industria alimentaria Curso Presencial Enolog\u00eda Aplicada Formaci\u00f3n 100 % presencial en bodega, dise\u00f1ada para aprender desde dentro del proceso. Se trabaja directamente sobre elaboraciones en curso, en contacto continuo con el d\u00eda a d\u00eda real de la bodega. El curso fomenta la participaci\u00f3n activa y el an\u00e1lisis de situaciones [&hellip;]<\/p>\n","protected":false},"author":3,"featured_media":0,"parent":0,"menu_order":0,"comment_status":"closed","ping_status":"closed","template":"","meta":{"footnotes":""},"class_list":["post-8070","page","type-page","status-publish","hentry"],"_links":{"self":[{"href":"https:\/\/bodegascentroes.com\/index.php\/wp-json\/wp\/v2\/pages\/8070","targetHints":{"allow":["GET"]}}],"collection":[{"href":"https:\/\/bodegascentroes.com\/index.php\/wp-json\/wp\/v2\/pages"}],"about":[{"href":"https:\/\/bodegascentroes.com\/index.php\/wp-json\/wp\/v2\/types\/page"}],"author":[{"embeddable":true,"href":"https:\/\/bodegascentroes.com\/index.php\/wp-json\/wp\/v2\/users\/3"}],"replies":[{"embeddable":true,"href":"https:\/\/bodegascentroes.com\/index.php\/wp-json\/wp\/v2\/comments?post=8070"}],"version-history":[{"count":7,"href":"https:\/\/bodegascentroes.com\/index.php\/wp-json\/wp\/v2\/pages\/8070\/revisions"}],"predecessor-version":[{"id":8081,"href":"https:\/\/bodegascentroes.com\/index.php\/wp-json\/wp\/v2\/pages\/8070\/revisions\/8081"}],"wp:attachment":[{"href":"https:\/\/bodegascentroes.com\/index.php\/wp-json\/wp\/v2\/media?parent=8070"}],"curies":[{"name":"wp","href":"https:\/\/api.w.org\/{rel}","templated":true}]}}