{"id":8026,"date":"2026-01-15T10:57:26","date_gmt":"2026-01-15T09:57:26","guid":{"rendered":"https:\/\/bodegascentroes.com\/?page_id=8026"},"modified":"2026-03-20T11:43:36","modified_gmt":"2026-03-20T10:43:36","slug":"formacion-3","status":"publish","type":"page","link":"https:\/\/bodegascentroes.com\/index.php\/formacion-3\/","title":{"rendered":"Formaci\u00f3n"},"content":{"rendered":"\t\t<div data-elementor-type=\"wp-page\" data-elementor-id=\"8026\" class=\"elementor elementor-8026\">\n\t\t\t\t<div class=\"elementor-element elementor-element-3d14173 e-flex e-con-boxed e-con e-parent\" data-id=\"3d14173\" data-element_type=\"container\">\n\t\t\t\t\t<div class=\"e-con-inner\">\n\t\t\t\t<div class=\"elementor-element elementor-element-e34454e elementor-widget elementor-widget-heading\" data-id=\"e34454e\" data-element_type=\"widget\" data-widget_type=\"heading.default\">\n\t\t\t\t\t<h1 class=\"elementor-heading-title elementor-size-default\">Formaci\u00f3n GRATIS si est\u00e1s trabajando*<\/h1>\t\t\t\t<\/div>\n\t\t\t\t<div class=\"elementor-element elementor-element-57f5f87 elementor-widget elementor-widget-heading\" data-id=\"57f5f87\" data-element_type=\"widget\" data-widget_type=\"heading.default\">\n\t\t\t\t\t<h2 class=\"elementor-heading-title elementor-size-default\">CURSOS<\/h2>\t\t\t\t<\/div>\n\t\t\t\t\t<\/div>\n\t\t\t\t<\/div>\n\t\t<div class=\"elementor-element elementor-element-de8d4b1 e-grid e-con-boxed e-con e-parent\" data-id=\"de8d4b1\" data-element_type=\"container\">\n\t\t\t\t\t<div class=\"e-con-inner\">\n\t\t<div class=\"elementor-element elementor-element-d078a76 e-con-full e-flex e-con e-child\" data-id=\"d078a76\" data-element_type=\"container\">\n\t\t\t\t<div class=\"elementor-element elementor-element-36ece68 elementor-widget elementor-widget-image\" data-id=\"36ece68\" data-element_type=\"widget\" data-widget_type=\"image.default\">\n\t\t\t\t\t\t\t\t\t\t\t\t\t\t\t\t<a href=\"https:\/\/bodegascentroes.com\/index.php\/curso-presencial-de-enologia-aplicada\/\">\n\t\t\t\t\t\t\t<img fetchpriority=\"high\" decoding=\"async\" width=\"623\" height=\"427\" src=\"https:\/\/bodegascentroes.com\/wp-content\/uploads\/2026\/01\/cursos-online-gratuitos-seguridad-informatica.jpg\" class=\"attachment-large size-large wp-image-8028\" alt=\"\" srcset=\"https:\/\/bodegascentroes.com\/wp-content\/uploads\/2026\/01\/cursos-online-gratuitos-seguridad-informatica.jpg 623w, https:\/\/bodegascentroes.com\/wp-content\/uploads\/2026\/01\/cursos-online-gratuitos-seguridad-informatica-300x206.jpg 300w, https:\/\/bodegascentroes.com\/wp-content\/uploads\/2026\/01\/cursos-online-gratuitos-seguridad-informatica-600x411.jpg 600w\" sizes=\"(max-width: 623px) 100vw, 623px\" \/>\t\t\t\t\t\t\t\t<\/a>\n\t\t\t\t\t\t\t\t\t\t\t\t\t\t\t<\/div>\n\t\t\t\t<div class=\"elementor-element elementor-element-51fa2c2 elementor-widget elementor-widget-heading\" data-id=\"51fa2c2\" data-element_type=\"widget\" data-widget_type=\"heading.default\">\n\t\t\t\t\t<h2 class=\"elementor-heading-title elementor-size-default\"><a href=\"https:\/\/bodegascentroes.com\/index.php\/curso-presencial-de-enologia-aplicada\/\">Curso Presencial de Enolog\u00eda Aplicada<\/a><\/h2>\t\t\t\t<\/div>\n\t\t\t\t<div class=\"elementor-element elementor-element-4aacdca elementor-widget elementor-widget-text-editor\" data-id=\"4aacdca\" data-element_type=\"widget\" data-widget_type=\"text-editor.default\">\n\t\t\t\t\t\t\t\t\t<p><strong>Gratis si est\u00e1s trabajando*<\/strong><\/p><p><strong>Tipo:<\/strong> Presencial<\/p><p><strong>Duraci\u00f3n:<\/strong> 400h<\/p>\t\t\t\t\t\t\t\t<\/div>\n\t\t\t\t<div class=\"elementor-element elementor-element-977b2bf elementor-widget elementor-widget-text-editor\" data-id=\"977b2bf\" data-element_type=\"widget\" data-widget_type=\"text-editor.default\">\n\t\t\t\t\t\t\t\t\t<\/strong><strong style=\"color: red;\"> PLAZAS AGOTADAS<\/strong>\t\t\t\t\t\t\t\t<\/div>\n\t\t\t\t<div class=\"elementor-element elementor-element-a2c2115 elementor-widget elementor-widget-text-editor\" data-id=\"a2c2115\" data-element_type=\"widget\" data-widget_type=\"text-editor.default\">\n\t\t\t\t\t\t\t\t\t<h3><strong>Precio: <\/strong><strong style=\"color: #c96838;\">5.200\u20ac<\/h3>\t\t\t\t\t\t\t\t<\/div>\n\t\t\t\t<\/div>\n\t\t<div class=\"elementor-element elementor-element-622c055 e-con-full e-flex e-con e-child\" data-id=\"622c055\" data-element_type=\"container\">\n\t\t\t\t<div class=\"elementor-element elementor-element-a05e768 elementor-widget elementor-widget-image\" data-id=\"a05e768\" data-element_type=\"widget\" data-widget_type=\"image.default\">\n\t\t\t\t\t\t\t\t\t\t\t\t\t\t\t\t<a href=\"https:\/\/bodegascentroes.com\/index.php\/direccion-y-gestion-de-sostenibilidad-y-economia-circular-en-la-industria-europea\/\">\n\t\t\t\t\t\t\t<img decoding=\"async\" width=\"623\" height=\"427\" src=\"https:\/\/bodegascentroes.com\/wp-content\/uploads\/2026\/01\/3.png\" class=\"attachment-large size-large wp-image-8063\" alt=\"\" srcset=\"https:\/\/bodegascentroes.com\/wp-content\/uploads\/2026\/01\/3.png 623w, https:\/\/bodegascentroes.com\/wp-content\/uploads\/2026\/01\/3-300x206.png 300w, https:\/\/bodegascentroes.com\/wp-content\/uploads\/2026\/01\/3-600x411.png 600w\" sizes=\"(max-width: 623px) 100vw, 623px\" \/>\t\t\t\t\t\t\t\t<\/a>\n\t\t\t\t\t\t\t\t\t\t\t\t\t\t\t<\/div>\n\t\t\t\t<div class=\"elementor-element elementor-element-e7dac8d elementor-widget elementor-widget-heading\" data-id=\"e7dac8d\" data-element_type=\"widget\" data-widget_type=\"heading.default\">\n\t\t\t\t\t<h2 class=\"elementor-heading-title elementor-size-default\"><a href=\"https:\/\/bodegascentroes.com\/index.php\/direccion-y-gestion-de-sostenibilidad-y-economia-circular-en-la-industria-europea\/\">Direcci\u00f3n y Gesti\u00f3n de Sostenibilidad y Econom\u00eda Circular en la Industria Europea<\/a><\/h2>\t\t\t\t<\/div>\n\t\t\t\t<div class=\"elementor-element elementor-element-66b97d2 elementor-widget elementor-widget-text-editor\" data-id=\"66b97d2\" data-element_type=\"widget\" data-widget_type=\"text-editor.default\">\n\t\t\t\t\t\t\t\t\t<p><strong>Gratis si est\u00e1s trabajando*<\/strong><\/p><p><strong>Tipo:<\/strong> Curso Online<\/p><p><strong>Duraci\u00f3n:<\/strong> 200h<\/p>\t\t\t\t\t\t\t\t<\/div>\n\t\t\t\t<div class=\"elementor-element elementor-element-22ece87 elementor-widget elementor-widget-text-editor\" data-id=\"22ece87\" data-element_type=\"widget\" data-widget_type=\"text-editor.default\">\n\t\t\t\t\t\t\t\t\t<h3><strong>Precio: <\/strong><strong style=\"color: #c96838;\">1.500\u20ac<\/strong><\/h3>\t\t\t\t\t\t\t\t<\/div>\n\t\t\t\t<\/div>\n\t\t\t\t\t<\/div>\n\t\t\t\t<\/div>\n\t\t\t\t<\/div>\n\t\t","protected":false},"excerpt":{"rendered":"<p>Formaci\u00f3n GRATIS si est\u00e1s trabajando* CURSOS Curso Presencial de Enolog\u00eda Aplicada Gratis si est\u00e1s trabajando* Tipo: Presencial Duraci\u00f3n: 400h PLAZAS AGOTADAS Precio: 5.200\u20ac Direcci\u00f3n y Gesti\u00f3n de Sostenibilidad y Econom\u00eda Circular en la Industria Europea Gratis si est\u00e1s trabajando* Tipo: Curso Online Duraci\u00f3n: 200h Precio: 1.500\u20ac<\/p>\n","protected":false},"author":3,"featured_media":0,"parent":0,"menu_order":0,"comment_status":"closed","ping_status":"closed","template":"","meta":{"footnotes":""},"class_list":["post-8026","page","type-page","status-publish","hentry"],"_links":{"self":[{"href":"https:\/\/bodegascentroes.com\/index.php\/wp-json\/wp\/v2\/pages\/8026","targetHints":{"allow":["GET"]}}],"collection":[{"href":"https:\/\/bodegascentroes.com\/index.php\/wp-json\/wp\/v2\/pages"}],"about":[{"href":"https:\/\/bodegascentroes.com\/index.php\/wp-json\/wp\/v2\/types\/page"}],"author":[{"embeddable":true,"href":"https:\/\/bodegascentroes.com\/index.php\/wp-json\/wp\/v2\/users\/3"}],"replies":[{"embeddable":true,"href":"https:\/\/bodegascentroes.com\/index.php\/wp-json\/wp\/v2\/comments?post=8026"}],"version-history":[{"count":59,"href":"https:\/\/bodegascentroes.com\/index.php\/wp-json\/wp\/v2\/pages\/8026\/revisions"}],"predecessor-version":[{"id":8177,"href":"https:\/\/bodegascentroes.com\/index.php\/wp-json\/wp\/v2\/pages\/8026\/revisions\/8177"}],"wp:attachment":[{"href":"https:\/\/bodegascentroes.com\/index.php\/wp-json\/wp\/v2\/media?parent=8026"}],"curies":[{"name":"wp","href":"https:\/\/api.w.org\/{rel}","templated":true}]}}