{"id":741,"date":"2021-07-12T04:19:48","date_gmt":"2021-07-12T04:19:48","guid":{"rendered":"https:\/\/demo2wpopal.b-cdn.net\/bodoni\/?page_id=741"},"modified":"2026-04-30T11:18:43","modified_gmt":"2026-04-30T09:18:43","slug":"home-1","status":"publish","type":"page","link":"https:\/\/bodegascentroes.com\/","title":{"rendered":"Home"},"content":{"rendered":"\t\t<div data-elementor-type=\"wp-page\" data-elementor-id=\"741\" class=\"elementor elementor-741\">\n\t\t\t\t\t\t<div class=\"elementor-section elementor-top-section elementor-element elementor-element-c008498 elementor-section-full_width elementor-section-stretched elementor-section-height-default elementor-section-height-default\" data-id=\"c008498\" data-element_type=\"section\" data-settings=\"{&quot;stretch_section&quot;:&quot;section-stretched&quot;}\">\n\t\t\t\t\t\t<div class=\"elementor-container elementor-column-gap-no\">\n\t\t\t\t\t<div class=\"elementor-column elementor-col-100 elementor-top-column elementor-element elementor-element-1a521d9\" data-id=\"1a521d9\" data-element_type=\"column\">\n\t\t\t<div class=\"elementor-widget-wrap elementor-element-populated\">\n\t\t\t\t\t\t<div class=\"elementor-element elementor-element-3285703 elementor-widget elementor-widget-slider_revolution\" data-id=\"3285703\" data-element_type=\"widget\" data-widget_type=\"slider_revolution.default\">\n\t\t\t\t\t\n\t\t<div class=\"wp-block-themepunch-revslider\">\n\t\t\t\t<p class=\"rs-p-wp-fix\"><\/p>\n\t\t\t\t<sr7-module data-alias=\"slider-1\" data-id=\"1\" id=\"SR7_1_1\" class=\"rs-ov-hidden\" data-version=\"6.7.38\">\n\t\t\t\t\t<sr7-adjuster><\/sr7-adjuster>\n\t\t\t\t\t<sr7-content>\n\t\t\t\t\t\t<sr7-slide id=\"SR7_1_1-7\" data-key=\"7\">\n\t\t\t\t\t\t\t<sr7-bg id=\"SR7_1_1-7-10\" class=\"sr7-layer\"><noscript><img decoding=\"async\" src=\"https:\/\/bodegascentroes.com\/wp-content\/uploads\/2025\/11\/prueba3.png\" alt=\"\" title=\"prueba3\"><\/noscript><\/sr7-bg>\n\t\t\t\t\t\t\t<sr7-txt id=\"SR7_1_1-7-4\" class=\"sr7-layer\"><\/sr7-txt>\n\t\t\t\t\t\t\t<a id=\"SR7_1_1-7-7\" class=\"sr7-layer\" href=\"https:\/\/allozo.com\/\" target=\"_self\" rel=\"noopener\">Nuestros Vinos <i class=\"material-icons\" style=\"font-size:18px\"> arrow_right_alt<\/i><\/a>\n\t\t\t\t\t\t<\/sr7-slide>\n\t\t\t\t\t\t<sr7-slide id=\"SR7_1_1-6\" data-key=\"6\">\n\t\t\t\t\t\t\t<sr7-bg id=\"SR7_1_1-6-10\" class=\"sr7-layer\"><noscript><img decoding=\"async\" src=\"https:\/\/bodegascentroes.com\/wp-content\/uploads\/2025\/11\/FOTO-FINAL-2-1-scaled.jpg\" alt=\"\" title=\"FOTO FINAL 2\"><\/noscript><\/sr7-bg>\n\t\t\t\t\t\t\t<sr7-txt id=\"SR7_1_1-6-4\" class=\"sr7-layer\"><\/sr7-txt>\n\t\t\t\t\t\t\t<sr7-txt id=\"SR7_1_1-6-5\" class=\"sr7-layer\">BODEGAS<br \/>\nCASA JUANA<\/sr7-txt>\n\t\t\t\t\t\t\t<a id=\"SR7_1_1-6-7\" class=\"sr7-layer\" href=\"https:\/\/bodegascasajuana.com\/\" target=\"_self\" rel=\"noopener\">Nuestro Brandy<i class=\"material-icons\" style=\"font-size:18px\"> arrow_right_alt<\/i><\/a>\n\t\t\t\t\t\t<\/sr7-slide>\n\t\t\t\t\t\t<sr7-slide id=\"SR7_1_1-3\" data-key=\"3\">\n\t\t\t\t\t\t<\/sr7-slide>\n\t\t\t\t\t<\/sr7-content>\n\t\t\t\t\t<image_lists style=\"display:none\">\n\t\t\t\t\t\t<img data-src=\"\/\/bodegascentroes.com\/wp-content\/uploads\/2025\/11\/FOTO-FINAL-2-1-scaled.jpg\" data-libid=\"6765\" data-lib=\"medialibrary\" title=\"FOTO FINAL 2\" width=\"0\" height=\"0\" data-dbsrc=\"Ly9ib2RlZ2FzY2VudHJvZXMuY29tL3dwLWNvbnRlbnQvdXBsb2Fkcy8yMDI1LzExL0ZPVE8tRklOQUwtMi0xLXNjYWxlZC5qcGc=\"\/>\n\t\t\t\t\t\t<img data-src=\"\/\/bodegascentroes.com\/wp-content\/uploads\/2025\/11\/prueba3.png\" data-libid=\"7419\" data-lib=\"medialibrary\" title=\"prueba3\" width=\"0\" height=\"0\" data-dbsrc=\"Ly9ib2RlZ2FzY2VudHJvZXMuY29tL3dwLWNvbnRlbnQvdXBsb2Fkcy8yMDI1LzExL3BydWViYTMucG5n\"\/>\n\t\t\t\t\t<\/image_lists>\n\t\t\t\t<\/sr7-module>\n\t\t\t\t<script>\n\t\t\t\t\tSR7.PMH ??={}; SR7.PMH[\"SR7_1_1\"] = {cn:100,state:false,fn: function() { if (_tpt!==undefined && _tpt.prepareModuleHeight !== undefined) {  _tpt.prepareModuleHeight({id:\"SR7_1_1\",el:[1020,1020,768,600,550],type:'standard',shdw:'0',gh:[1020,1020,768,600,550],gw:[1240,1240,1024,778,480],vpt:['-200px&#039;,&#039;-200px&#039;,&#039;-200px&#039;,&#039;-200px&#039;,&#039;-200px'],size:{fullWidth:true, fullHeight:false},mh:'0',onh:0,onw:0,bg:{color:'{\"orig\":\"transparent\",\"type\":\"solid\",\"string\":\"transparent\"}'}});   SR7.PMH[\"SR7_1_1\"].state=true;} else if(SR7.PMH[\"SR7_1_1\"].cn-->0)\tsetTimeout( SR7.PMH[\"SR7_1_1\"].fn,19);}};SR7.PMH[\"SR7_1_1\" ].fn();\n\t\t\t\t<\/script>\n<\/div>\n\n\t\t\t\t\t\t<\/div>\n\t\t\t\t\t<\/div>\n\t\t<\/div>\n\t\t\t\t\t<\/div>\n\t\t<\/div>\n\t\t\t\t<div class=\"elementor-section elementor-top-section elementor-element elementor-element-1a1ce21 elementor-section-stretched elementor-section-content-middle elementor-section-boxed elementor-section-height-default elementor-section-height-default\" data-id=\"1a1ce21\" data-element_type=\"section\" data-settings=\"{&quot;stretch_section&quot;:&quot;section-stretched&quot;}\">\n\t\t\t\t\t\t<div class=\"elementor-container elementor-column-gap-no\">\n\t\t\t\t\t<div class=\"elementor-column elementor-col-33 elementor-top-column elementor-element elementor-element-3d73021\" data-id=\"3d73021\" data-element_type=\"column\">\n\t\t\t<div class=\"elementor-widget-wrap elementor-element-populated\">\n\t\t\t\t\t\t<div class=\"elementor-element elementor-element-e670cff elementor-widget elementor-widget-text-editor\" data-id=\"e670cff\" data-element_type=\"widget\" data-widget_type=\"text-editor.default\">\n\t\t\t\t\t\t\t\t\t<p>Bodegas Centro Espa\u00f1olas<\/p>\t\t\t\t\t\t\t\t<\/div>\n\t\t\t\t<div class=\"elementor-element elementor-element-2bd2175 elementor-widget__width-initial elementor-widget-tablet__width-inherit elementor-widget-mobile__width-inherit elementor-widget elementor-widget-heading\" data-id=\"2bd2175\" data-element_type=\"widget\" data-widget_type=\"heading.default\">\n\t\t\t\t\t<h2 class=\"elementor-heading-title elementor-size-default\">Tradici\u00f3n familiar<\/h2>\t\t\t\t<\/div>\n\t\t\t\t<div class=\"elementor-element elementor-element-9283a30 elementor-widget__width-initial elementor-widget-tablet__width-inherit elementor-widget elementor-widget-text-editor\" data-id=\"9283a30\" data-element_type=\"widget\" data-widget_type=\"text-editor.default\">\n\t\t\t\t\t\t\t\t\t<p>Desde nuestros or\u00edgenes, elaboramos nuestros vinos de la cepa a la copa, trabajamos mano a mano con el viticultor y producimos ediciones especiales, premiadas, durante m\u00e1s de 30 a\u00f1os.<\/p>\t\t\t\t\t\t\t\t<\/div>\n\t\t\t\t<div class=\"elementor-element elementor-element-a6b6812 elementor-mobile-align-center elementor-widget-mobile__width-inherit elementor-align-center button-style-bodoni-style-1 elementor-widget elementor-widget-button\" data-id=\"a6b6812\" data-element_type=\"widget\" data-widget_type=\"button.default\">\n\t\t\t\t\t\t\t\t\t\t<a class=\"elementor-button elementor-button-link elementor-size-sm\" href=\"https:\/\/bodegascentroes.com\/index.php\/historia\/\">\n\t\t\t\t\t\t<span class=\"elementor-button-content-wrapper\">\n\t\t\t\t\t\t<span class=\"elementor-button-icon\">\n\t\t\t\t<i aria-hidden=\"true\" class=\"bodoni-icon- bodoni-icon-arrow-small\"><\/i>\t\t\t<\/span>\n\t\t\t\t\t\t\t\t\t<span class=\"elementor-button-text\">Historia<\/span>\n\t\t\t\t\t<\/span>\n\t\t\t\t\t<\/a>\n\t\t\t\t\t\t\t\t<\/div>\n\t\t\t\t\t<\/div>\n\t\t<\/div>\n\t\t\t\t<div class=\"elementor-column elementor-col-66 elementor-top-column elementor-element elementor-element-ae9d8f1\" data-id=\"ae9d8f1\" data-element_type=\"column\">\n\t\t\t<div class=\"elementor-widget-wrap elementor-element-populated\">\n\t\t\t\t\t\t<div class=\"elementor-section elementor-inner-section elementor-element elementor-element-4e67b0f elementor-section-boxed elementor-section-height-default elementor-section-height-default\" data-id=\"4e67b0f\" data-element_type=\"section\">\n\t\t\t\t\t\t<div class=\"elementor-container elementor-column-gap-no\">\n\t\t\t\t\t<div class=\"elementor-column elementor-col-100 elementor-inner-column elementor-element elementor-element-a9c0b48\" data-id=\"a9c0b48\" data-element_type=\"column\">\n\t\t\t<div class=\"elementor-widget-wrap elementor-element-populated\">\n\t\t\t\t\t\t<div class=\"elementor-element elementor-element-24ad9ee image-style-bodoni-yes elementor-widget__width-initial elementor-widget-tablet__width-initial elementor-widget elementor-widget-image\" data-id=\"24ad9ee\" data-element_type=\"widget\" data-widget_type=\"image.default\">\n\t\t\t\t\t\t\t\t\t\t\t\t\t\t\t\t<a href=\"http:\/\/localhost\/bodegascentroes\/wp-content\/uploads\/2025\/10\/foto-aerea.jpg\" data-elementor-open-lightbox=\"yes\" data-elementor-lightbox-title=\"foto aerea\" data-e-action-hash=\"#elementor-action%3Aaction%3Dlightbox%26settings%3DeyJpZCI6NjUyNCwidXJsIjoiaHR0cHM6XC9cL2JvZGVnYXNjZW50cm9lcy5jb21cL3dwLWNvbnRlbnRcL3VwbG9hZHNcLzIwMjVcLzEwXC9mb3RvLWFlcmVhLXNjYWxlZC5qcGcifQ%3D%3D\" target=\"_blank\" rel=\"noopener\">\n\t\t\t\t\t\t\t<img fetchpriority=\"high\" decoding=\"async\" width=\"5542\" height=\"2283\" src=\"https:\/\/bodegascentroes.com\/wp-content\/uploads\/2025\/10\/foto-aerea-scaled.jpg\" class=\"attachment-full size-full wp-image-6524\" alt=\"\" \/>\t\t\t\t\t\t\t\t<\/a>\n\t\t\t\t\t\t\t\t\t\t\t\t\t\t\t<\/div>\n\t\t\t\t\t<\/div>\n\t\t<\/div>\n\t\t\t\t\t<\/div>\n\t\t<\/div>\n\t\t\t\t<div class=\"elementor-element elementor-element-e1ed8ef elementor-widget__width-initial elementor-widget elementor-widget-text-editor\" data-id=\"e1ed8ef\" data-element_type=\"widget\" data-widget_type=\"text-editor.default\">\n\t\t\t\t\t\t\t\t\t<p>desde 1991<\/p>\t\t\t\t\t\t\t\t<\/div>\n\t\t\t\t\t<\/div>\n\t\t<\/div>\n\t\t\t\t\t<\/div>\n\t\t<\/div>\n\t\t\t\t<div class=\"elementor-section elementor-top-section elementor-element elementor-element-d33c79d elementor-section-stretched elementor-section-content-middle elementor-section-boxed elementor-section-height-default elementor-section-height-default\" data-id=\"d33c79d\" data-element_type=\"section\" data-settings=\"{&quot;stretch_section&quot;:&quot;section-stretched&quot;}\">\n\t\t\t\t\t\t<div class=\"elementor-container elementor-column-gap-custom\">\n\t\t\t\t\t<div class=\"elementor-column elementor-col-33 elementor-top-column elementor-element elementor-element-b1f466c\" data-id=\"b1f466c\" data-element_type=\"column\">\n\t\t\t<div class=\"elementor-widget-wrap elementor-element-populated\">\n\t\t\t\t\t\t<div class=\"elementor-section elementor-inner-section elementor-element elementor-element-224b019 elementor-section-content-middle elementor-section-boxed elementor-section-height-default elementor-section-height-default\" data-id=\"224b019\" data-element_type=\"section\">\n\t\t\t\t\t\t<div class=\"elementor-container elementor-column-gap-no\">\n\t\t\t\t\t<div class=\"elementor-column elementor-col-100 elementor-inner-column elementor-element elementor-element-10973b5\" data-id=\"10973b5\" data-element_type=\"column\">\n\t\t\t<div class=\"elementor-widget-wrap elementor-element-populated\">\n\t\t\t\t\t\t<div class=\"elementor-element elementor-element-fd56f2b elementor-widget__width-initial elementor-widget elementor-widget-image\" data-id=\"fd56f2b\" data-element_type=\"widget\" data-widget_type=\"image.default\">\n\t\t\t\t\t\t\t\t\t\t\t\t\t\t\t<img loading=\"lazy\" decoding=\"async\" width=\"1356\" height=\"2048\" src=\"https:\/\/bodegascentroes.com\/wp-content\/uploads\/2025\/11\/Botella-Crianza-V2.2-copia-1356x2048.jpg\" class=\"attachment-2048x2048 size-2048x2048 wp-image-6779\" alt=\"\" srcset=\"https:\/\/bodegascentroes.com\/wp-content\/uploads\/2025\/11\/Botella-Crianza-V2.2-copia-1356x2048.jpg 1356w, https:\/\/bodegascentroes.com\/wp-content\/uploads\/2025\/11\/Botella-Crianza-V2.2-copia-199x300.jpg 199w, https:\/\/bodegascentroes.com\/wp-content\/uploads\/2025\/11\/Botella-Crianza-V2.2-copia-678x1024.jpg 678w, https:\/\/bodegascentroes.com\/wp-content\/uploads\/2025\/11\/Botella-Crianza-V2.2-copia-768x1160.jpg 768w, https:\/\/bodegascentroes.com\/wp-content\/uploads\/2025\/11\/Botella-Crianza-V2.2-copia-1017x1536.jpg 1017w, https:\/\/bodegascentroes.com\/wp-content\/uploads\/2025\/11\/Botella-Crianza-V2.2-copia-630x951.jpg 630w, https:\/\/bodegascentroes.com\/wp-content\/uploads\/2025\/11\/Botella-Crianza-V2.2-copia-600x906.jpg 600w, https:\/\/bodegascentroes.com\/wp-content\/uploads\/2025\/11\/Botella-Crianza-V2.2-copia-scaled.jpg 1696w\" sizes=\"(max-width: 1356px) 100vw, 1356px\" \/>\t\t\t\t\t\t\t\t\t\t\t\t\t\t\t<\/div>\n\t\t\t\t\t<\/div>\n\t\t<\/div>\n\t\t\t\t\t<\/div>\n\t\t<\/div>\n\t\t\t\t\t<\/div>\n\t\t<\/div>\n\t\t\t\t<div class=\"elementor-column elementor-col-66 elementor-top-column elementor-element elementor-element-5081bcd\" data-id=\"5081bcd\" data-element_type=\"column\">\n\t\t\t<div class=\"elementor-widget-wrap elementor-element-populated\">\n\t\t\t\t\t\t<div class=\"elementor-element elementor-element-d7b9475 elementor-widget__width-initial elementor-widget-tablet__width-inherit elementor-widget-mobile__width-inherit elementor-widget elementor-widget-heading\" data-id=\"d7b9475\" data-element_type=\"widget\" data-widget_type=\"heading.default\">\n\t\t\t\t\t<h2 class=\"elementor-heading-title elementor-size-default\">Vinos Allozo<\/h2>\t\t\t\t<\/div>\n\t\t\t\t<div class=\"elementor-element elementor-element-df2b7d7 elementor-widget elementor-widget-text-editor\" data-id=\"df2b7d7\" data-element_type=\"widget\" data-widget_type=\"text-editor.default\">\n\t\t\t\t\t\t\t\t\t<p>Con ra\u00edces tradicionales pero elaborados con la tecnolog\u00eda m\u00e1s vanguardista, los vinos Allozo, envejecidos en nuestras m\u00e1s de 3800 barricas, te sumergen en el aut\u00e9ntico concepto de vino de autor de Castilla-La Mancha<\/p>\t\t\t\t\t\t\t\t<\/div>\n\t\t\t\t<div class=\"elementor-element elementor-element-bf6b4a6 elementor-mobile-align-center elementor-widget-mobile__width-inherit elementor-widget__width-initial elementor-align-left elementor-tablet-align-center button-style-bodoni-style-1 elementor-widget elementor-widget-button\" data-id=\"bf6b4a6\" data-element_type=\"widget\" data-widget_type=\"button.default\">\n\t\t\t\t\t\t\t\t\t\t<a class=\"elementor-button elementor-button-link elementor-size-sm\" href=\"https:\/\/allozo.com\/\" target=\"_blank\" rel=\"noopener\">\n\t\t\t\t\t\t<span class=\"elementor-button-content-wrapper\">\n\t\t\t\t\t\t<span class=\"elementor-button-icon\">\n\t\t\t\t<i aria-hidden=\"true\" class=\"bodoni-icon- bodoni-icon-arrow-small\"><\/i>\t\t\t<\/span>\n\t\t\t\t\t\t\t\t\t<span class=\"elementor-button-text\">Tienda Vinos Allozo<\/span>\n\t\t\t\t\t<\/span>\n\t\t\t\t\t<\/a>\n\t\t\t\t\t\t\t\t<\/div>\n\t\t\t\t\t<\/div>\n\t\t<\/div>\n\t\t\t\t\t<\/div>\n\t\t<\/div>\n\t\t<div class=\"elementor-element elementor-element-ed8cefa e-flex e-con-boxed e-con e-parent\" data-id=\"ed8cefa\" data-element_type=\"container\">\n\t\t\t\t\t<div class=\"e-con-inner\">\n\t\t\t\t<div class=\"elementor-element elementor-element-6dc1504 elementor-widget elementor-widget-spacer\" data-id=\"6dc1504\" data-element_type=\"widget\" data-widget_type=\"spacer.default\">\n\t\t\t\t\t\t\t<div class=\"elementor-spacer\">\n\t\t\t<div class=\"elementor-spacer-inner\"><\/div>\n\t\t<\/div>\n\t\t\t\t\t\t<\/div>\n\t\t\t\t\t<\/div>\n\t\t\t\t<\/div>\n\t\t\t\t<div class=\"elementor-section elementor-top-section elementor-element elementor-element-423b120 elementor-section-stretched elementor-section-content-middle elementor-section-boxed elementor-section-height-default elementor-section-height-default\" data-id=\"423b120\" data-element_type=\"section\" data-settings=\"{&quot;stretch_section&quot;:&quot;section-stretched&quot;}\">\n\t\t\t\t\t\t<div class=\"elementor-container elementor-column-gap-narrow\">\n\t\t\t\t\t<div class=\"elementor-column elementor-col-33 elementor-top-column elementor-element elementor-element-92d9731\" data-id=\"92d9731\" data-element_type=\"column\">\n\t\t\t<div class=\"elementor-widget-wrap elementor-element-populated\">\n\t\t\t\t\t\t<div class=\"elementor-element elementor-element-9828667 elementor-widget elementor-widget-text-editor\" data-id=\"9828667\" data-element_type=\"widget\" data-widget_type=\"text-editor.default\">\n\t\t\t\t\t\t\t\t\t<p>Desde 1890, un legado que respira en cada gota<\/p>\t\t\t\t\t\t\t\t<\/div>\n\t\t\t\t<div class=\"elementor-element elementor-element-b4887fc elementor-widget__width-initial elementor-widget-tablet__width-inherit elementor-widget-mobile__width-inherit elementor-widget elementor-widget-heading\" data-id=\"b4887fc\" data-element_type=\"widget\" data-widget_type=\"heading.default\">\n\t\t\t\t\t<h2 class=\"elementor-heading-title elementor-size-default\">CASAJUANA - Donde el tiempo se convierte en oro l\u00edquido<\/h2>\t\t\t\t<\/div>\n\t\t\t\t<div class=\"elementor-element elementor-element-b64cdf3 elementor-widget__width-initial elementor-widget-tablet__width-inherit elementor-widget elementor-widget-text-editor\" data-id=\"b64cdf3\" data-element_type=\"widget\" data-widget_type=\"text-editor.default\">\n\t\t\t\t\t\t\t\t\t<p>En el coraz\u00f3n silencioso de La Mancha, donde la luz del sol se posa sobre la tierra como un antiguo recuerdo, naci\u00f3 en 1890 una casa destinada a convertirse en leyenda: CASAJUANA.<\/p><p>No fue una empresa. Fue un latido.<\/p><p>Un apellido que se transform\u00f3 en oficio, y un oficio que se convirti\u00f3 en arte.<br \/>Desde los primeros d\u00edas, la familia Casajuana comprendi\u00f3 que el verdadero lujo no se fabrica: se hereda, se defiende y se custodia. Entre los vapores c\u00e1lidos de los alambiques y el aroma profundo de la madera envinada, levantaron una tradici\u00f3n que sobrevivir\u00eda a guerras, crisis y cambios de siglo. Mientras otros nombres se desvanec\u00edan, CASAJUANA sigui\u00f3 all\u00ed, firme, silenciosa, trabajando al ritmo paciente del tiempo.<\/p><p>Los archivos de la \u00e9poca cuentan que, ya en 1915, la familia operaba varias bodegas y manejaba una capacidad de producci\u00f3n extraordinaria. Pero las cifras son solo n\u00fameros.<\/p><p>La verdad m\u00e1s importante es que cada barrica llevaba dentro un pedazo de ellos mismos.<\/p>\t\t\t\t\t\t\t\t<\/div>\n\t\t\t\t<div class=\"elementor-element elementor-element-8789c90 elementor-mobile-align-center elementor-widget-mobile__width-inherit elementor-widget__width-initial elementor-align-left elementor-tablet-align-center button-style-bodoni-style-1 elementor-widget elementor-widget-button\" data-id=\"8789c90\" data-element_type=\"widget\" data-widget_type=\"button.default\">\n\t\t\t\t\t\t\t\t\t\t<a class=\"elementor-button elementor-button-link elementor-size-sm\" href=\"https:\/\/bodegascasajuana.com\/\" target=\"_blank\" rel=\"nofollow noopener\">\n\t\t\t\t\t\t<span class=\"elementor-button-content-wrapper\">\n\t\t\t\t\t\t<span class=\"elementor-button-icon\">\n\t\t\t\t<i aria-hidden=\"true\" class=\"bodoni-icon- bodoni-icon-arrow-small\"><\/i>\t\t\t<\/span>\n\t\t\t\t\t\t\t\t\t<span class=\"elementor-button-text\">Tienda  Brandy Casajuana<\/span>\n\t\t\t\t\t<\/span>\n\t\t\t\t\t<\/a>\n\t\t\t\t\t\t\t\t<\/div>\n\t\t\t\t\t<\/div>\n\t\t<\/div>\n\t\t\t\t<div class=\"elementor-column elementor-col-66 elementor-top-column elementor-element elementor-element-cfea3ef\" data-id=\"cfea3ef\" data-element_type=\"column\">\n\t\t\t<div class=\"elementor-widget-wrap elementor-element-populated\">\n\t\t\t\t\t\t<div class=\"elementor-element elementor-element-8171a56 elementor-widget__width-initial elementor-widget elementor-widget-image\" data-id=\"8171a56\" data-element_type=\"widget\" data-widget_type=\"image.default\">\n\t\t\t\t\t\t\t\t\t\t\t\t\t\t\t<img loading=\"lazy\" decoding=\"async\" width=\"678\" height=\"1024\" src=\"https:\/\/bodegascentroes.com\/wp-content\/uploads\/2025\/11\/Diseno-sin-titulo-1-3-678x1024.png\" class=\"attachment-large size-large wp-image-7222\" alt=\"\" srcset=\"https:\/\/bodegascentroes.com\/wp-content\/uploads\/2025\/11\/Diseno-sin-titulo-1-3-678x1024.png 678w, https:\/\/bodegascentroes.com\/wp-content\/uploads\/2025\/11\/Diseno-sin-titulo-1-3-199x300.png 199w, https:\/\/bodegascentroes.com\/wp-content\/uploads\/2025\/11\/Diseno-sin-titulo-1-3-768x1160.png 768w, https:\/\/bodegascentroes.com\/wp-content\/uploads\/2025\/11\/Diseno-sin-titulo-1-3-1017x1536.png 1017w, https:\/\/bodegascentroes.com\/wp-content\/uploads\/2025\/11\/Diseno-sin-titulo-1-3.png 1598w\" sizes=\"(max-width: 678px) 100vw, 678px\" \/>\t\t\t\t\t\t\t\t\t\t\t\t\t\t\t<\/div>\n\t\t\t\t\t<\/div>\n\t\t<\/div>\n\t\t\t\t\t<\/div>\n\t\t<\/div>\n\t\t\t\t<\/div>\n\t\t","protected":false},"excerpt":{"rendered":"<p>Bodegas Centro Espa\u00f1olas Tradici\u00f3n familiar Desde nuestros or\u00edgenes, elaboramos nuestros vinos de la cepa a la copa, trabajamos mano a mano con el viticultor y producimos ediciones especiales, premiadas, durante m\u00e1s de 30 a\u00f1os. Historia desde 1991 Vinos Allozo Con ra\u00edces tradicionales pero elaborados con la tecnolog\u00eda m\u00e1s vanguardista, los vinos Allozo, envejecidos en nuestras [&hellip;]<\/p>\n","protected":false},"author":2,"featured_media":0,"parent":0,"menu_order":0,"comment_status":"closed","ping_status":"closed","template":"template-homepage.php","meta":{"footnotes":""},"class_list":["post-741","page","type-page","status-publish","hentry"],"_links":{"self":[{"href":"https:\/\/bodegascentroes.com\/index.php\/wp-json\/wp\/v2\/pages\/741","targetHints":{"allow":["GET"]}}],"collection":[{"href":"https:\/\/bodegascentroes.com\/index.php\/wp-json\/wp\/v2\/pages"}],"about":[{"href":"https:\/\/bodegascentroes.com\/index.php\/wp-json\/wp\/v2\/types\/page"}],"author":[{"embeddable":true,"href":"https:\/\/bodegascentroes.com\/index.php\/wp-json\/wp\/v2\/users\/2"}],"replies":[{"embeddable":true,"href":"https:\/\/bodegascentroes.com\/index.php\/wp-json\/wp\/v2\/comments?post=741"}],"version-history":[{"count":256,"href":"https:\/\/bodegascentroes.com\/index.php\/wp-json\/wp\/v2\/pages\/741\/revisions"}],"predecessor-version":[{"id":8224,"href":"https:\/\/bodegascentroes.com\/index.php\/wp-json\/wp\/v2\/pages\/741\/revisions\/8224"}],"wp:attachment":[{"href":"https:\/\/bodegascentroes.com\/index.php\/wp-json\/wp\/v2\/media?parent=741"}],"curies":[{"name":"wp","href":"https:\/\/api.w.org\/{rel}","templated":true}]}}