{"id":7354,"date":"2025-11-25T11:44:00","date_gmt":"2025-11-25T10:44:00","guid":{"rendered":"https:\/\/bodegascentroes.com\/?page_id=7354"},"modified":"2025-12-01T12:21:57","modified_gmt":"2025-12-01T11:21:57","slug":"aviso-legal","status":"publish","type":"page","link":"https:\/\/bodegascentroes.com\/index.php\/aviso-legal\/","title":{"rendered":"Aviso Legal"},"content":{"rendered":"\t\t<div data-elementor-type=\"wp-page\" data-elementor-id=\"7354\" class=\"elementor elementor-7354\">\n\t\t\t\t<div class=\"elementor-element elementor-element-0032f45 e-flex e-con-boxed e-con e-parent\" data-id=\"0032f45\" data-element_type=\"container\">\n\t\t\t\t\t<div class=\"e-con-inner\">\n\t\t\t\t<div class=\"elementor-element elementor-element-8cdc388 elementor-widget elementor-widget-heading\" data-id=\"8cdc388\" data-element_type=\"widget\" data-widget_type=\"heading.default\">\n\t\t\t\t\t<h2 class=\"elementor-heading-title elementor-size-default\">Aviso legal<\/h2>\t\t\t\t<\/div>\n\t\t\t\t<div class=\"elementor-element elementor-element-34f8614 elementor-widget elementor-widget-text-editor\" data-id=\"34f8614\" data-element_type=\"widget\" data-widget_type=\"text-editor.default\">\n\t\t\t\t\t\t\t\t\t<p>En cumplimiento del art. 10 de la Ley 34\/2002, de 11 de julio, de Servicios de la Sociedad de la Informaci\u00f3n y de Comercio Electr\u00f3nico (LSSI), se le informa:<\/p><p>Raz\u00f3n social: Bodegas Centro Espa\u00f1olas, S.A.<\/p><p>CIF: <em>A-13154927<\/em><\/p><p>Domicilio: Carretera Alcazar, Km1, 13700, Tomelloso (Ciudad Real).<\/p><p>Tel\u00e9fono: (+34) 926 50 56 53<\/p><p>El presente Aviso Legal se encuentra redactado en idioma Castellano e incluye las \u201cCondiciones de Uso\u201d de la presente p\u00e1gina web (en adelante, la \u201cWeb\u201d), que opera bajo el nombre de dominio https:\/\/www.bodegascentroes.com y gestionada por la arriba mencionada sociedad Bodegas Centro Espa\u00f1olas, S.A.<\/p><ul><li>Sus datos.<\/li><\/ul><p>La informaci\u00f3n o datos personales que el Usuario facilite ser\u00e1n tratados con arreglo a lo establecido en las Pol\u00edticas de Protecci\u00f3n de Datos. Al hacer uso de esta Web el Usuario consiente el tratamiento de dicha informaci\u00f3n y datos y declara que toda la informaci\u00f3n o datos que sean facilitados son veraces y se corresponden con la realidad.<\/p><ul><li>Privacidad\/Protecci\u00f3n de datos personales.<\/li><\/ul><p>Bodegas Centro Espa\u00f1olas, S.A. cumple con las directrices del Reglamento General de Protecci\u00f3n de datos (Reglamento (UE) 2016\/679) y dem\u00e1s normativa vigente en cada momento, y vela por garantizar un correcto uso y tratamiento de los datos personales del Usuario.<\/p><p>Para ello, junto a cada formulario de recabo de datos de car\u00e1cter personal, en los servicios que el Usuario pueda solicitar a Bodegas Centro Espa\u00f1olas, S.A., se har\u00e1 saber al Usuario de la existencia y aceptaci\u00f3n de las condiciones particulares del tratamiento de sus datos en cada caso, inform\u00e1ndole de la responsabilidad del tratamiento creado, la direcci\u00f3n del Responsable, la posibilidad de ejercer sus derechos de acceso, rectificaci\u00f3n, cancelaci\u00f3n u oposici\u00f3n, la finalidad del tratamiento y las comunicaciones de datos a terceros en su caso.<\/p><p>Bodegas Centro Espa\u00f1olas, S.A., garantiza la adopci\u00f3n de las medidas t\u00e9cnicas y organizativas necesarias para asegurar el tratamiento confidencial de dichos datos y le informa de la posibilidad de ejercitar, conforme a dicha normativa, los derechos de acceso, rectificaci\u00f3n, cancelaci\u00f3n y oposici\u00f3n, dirigiendo un escrito a Bodegas Centro Espa\u00f1olas, S.A. Carretera de Alc\u00e1zar, km1, 13700, Tomelloso<\/p><p>As\u00ed mismo, Bodegas Centro Espa\u00f1olas, S.A. informa que da cumplimiento a la Ley 34\/2002 de 11 de julio, de Servicios de la Sociedad de la Informaci\u00f3n y el Comercio Electr\u00f3nico y solicitar\u00e1 al Usuario su consentimiento al tratamiento de su correo electr\u00f3nico con fines comerciales en cada momento.<\/p><ul><li>Menores de edad<\/li><\/ul><p>Los contenidos de esta Web est\u00e1n dirigidos a personas mayores de edad. Bodegas Centro Espa\u00f1olas, S.A. no pretende obtener datos de personas menores de edad. Cuando Bodegas Centro Espa\u00f1olas, S.A. tenga conocimiento de que existen en su fichero datos de car\u00e1cter personal de un menor, proceder\u00e1 de inmediato a cancelar dichos datos.<\/p><ul><li>Obligaciones del Usuario<\/li><\/ul><p>El Usuario deber\u00e1 respetar en todo momento los t\u00e9rminos y condiciones establecidos en esta Web. El Usuario asume la responsabilidad del uso del portal. Dicha responsabilidad se extiende al registro que fuese necesario para acceder a determinados servicios o contenidos. En dicho registro el Usuario ser\u00e1 responsable de aportar informaci\u00f3n veraz y l\u00edcita. Como consecuencia de este registro, al Usuario se le puede proporcionar una contrase\u00f1a de la que ser\u00e1 responsable, comprometi\u00e9ndose a hacer un uso diligente y confidencial de la misma.<\/p><p>Bodegas Centro Espa\u00f1olas, S.A. no ser\u00e1 responsable por la informaci\u00f3n enviada por el Usuario cuando no tenga conocimiento efectivo de que la informaci\u00f3n almacenada es il\u00edcita o de que lesiona bienes o derechos de un tercero susceptibles de indemnizaci\u00f3n. En el momento que Bodegas Centro Espa\u00f1olas, S.A. tenga conocimiento efectivo de que aloja datos como los anteriormente referidos, se compromete a actuar con diligencia para retirarlos o hacer imposible el acceso a ellos.<\/p><p>El Usuario utilizar\u00e1 la Web de forma diligente y asumiendo cualquier responsabilidad que pudiera derivarse al incumplir los t\u00e9rminos y condiciones de la Web.<\/p><p>El Usuario no podr\u00e1 utilizar la Web para (i) incurrir en actividades il\u00edcitas, ilegales o contrarias a la buena fe y al orden p\u00fablico; (ii) difundir contenidos o propaganda de car\u00e1cter racista, xen\u00f3fobo, pornogr\u00e1fico-ilegal, de apolog\u00eda del terrorismo o atentatorio contra los derechos humanos; (iii) provocar da\u00f1os en los sistemas f\u00edsicos y l\u00f3gicos de Bodegas Centro Espa\u00f1olas, S.A., de sus proveedores o de terceras personas, introducir o difundir en la red virus inform\u00e1ticos o cualesquiera otros sistemas f\u00edsicos o l\u00f3gicos que sean susceptibles de provocar los da\u00f1os anteriormente mencionados; (iv) intentar acceder y, en su caso, utilizar las cuentas de correo electr\u00f3nico de otros Usuarios y modificar o manipular sus mensajes.<\/p><ul><li>Propiedad Industrial e Intelectual<\/li><\/ul><p>Bodegas Centro Espa\u00f1olas, S.A. por s\u00ed o como cesionaria, es titular de todos los derechos de propiedad intelectual e industrial de su Web, as\u00ed como de los elementos contenidos en la misma (a t\u00edtulo enunciativo: im\u00e1genes, sonido, audio, v\u00eddeo, software o textos; marcas o logotipos, combinaciones de colores, estructura y dise\u00f1o, selecci\u00f3n de materiales usados, programas de ordenador necesarios para su funcionamiento, acceso y uso, etc.), titularidad de Bodegas Centro Espa\u00f1olas, S.A. o bien de sus licenciantes.<\/p><p>En virtud de lo dispuesto en los art\u00edculos 8 y 32.1, p\u00e1rrafo segundo, de la Ley de Propiedad Intelectual de Espa\u00f1a, quedan expresamente prohibidas la reproducci\u00f3n, la distribuci\u00f3n y la comunicaci\u00f3n p\u00fablica, incluida su modalidad de puesta a disposici\u00f3n, de la totalidad o parte de los contenidos de esta Web, con fines comerciales, en cualquier soporte y por cualquier medio t\u00e9cnico, sin la autorizaci\u00f3n de Bodegas Centro Espa\u00f1olas, S.A. Todos los derechos reservados.<\/p><p>El Usuario se compromete a respetar los derechos de Propiedad Intelectual e Industrial titularidad de Bodegas Centro Espa\u00f1olas, S.A. Podr\u00e1 visualizar los elementos del portal e incluso imprimirlos, copiarlos y almacenarlos en el disco duro de su ordenador o en cualquier otro soporte f\u00edsico siempre y cuando sea, \u00fanica y exclusivamente, para su uso personal y privado. El Usuario deber\u00e1 abstenerse de suprimir, alterar, eludir o manipular cualquier dispositivo de protecci\u00f3n o sistema de seguridad que estuviera instalado en las Webs de Bodegas Centro Espa\u00f1olas, S.A.<\/p><p>Bodegas Centro Espa\u00f1olas, S.A. no se har\u00e1 responsable, salvo extremos a los que obligue la Ley, de los da\u00f1os o perjuicios que se pudieran ocasionar por el uso, reproducci\u00f3n, distribuci\u00f3n o comunicaci\u00f3n p\u00fablica o cualquier tipo de actividad que realice sobre los textos y\/o fotograf\u00edas que se encuentren protegidos por derechos de propiedad intelectual pertenecientes a terceros, sin que el Usuario haya obtenido previamente de sus titulares la autorizaci\u00f3n necesaria para llevar a cabo el uso que efect\u00faa o pretende efectuar.<\/p><ul><li>Derecho de exclusi\u00f3n<\/li><\/ul><p>Bodegas Centro Espa\u00f1olas, S.A. se reserva el derecho a denegar o retirar el acceso a la Web y\/o los servicios ofrecidos sin necesidad de preaviso, a instancia propia o de un tercero, a aquellos Usuarios que incumplan las Condiciones de Uso de la Web.<\/p><p>Bodegas Centro Espa\u00f1olas, S.A. se reserva el derecho de retirar todos aquellos comentarios que, v\u00eda Facebook, Twitter o cualquier otro medio que aporten los Usuarios y vulneren el respeto a la dignidad de la persona, que sean discriminatorios, xen\u00f3fobos, racistas, pornogr\u00e1ficos, que atenten contra la juventud o la infancia, el orden o la seguridad p\u00fablica o que, a su criterio, no resulten adecuados para su publicaci\u00f3n. En cualquier caso, Bodegas Centro Espa\u00f1olas, S.A. no ser\u00e1 responsable de las opiniones vertidas por los Usuarios a trav\u00e9s de los foros u otras herramientas de participaci\u00f3n que pudieran desarrollarse.<\/p><p>Bodegas Centro Espa\u00f1olas, S.A. perseguir\u00e1 el incumplimiento de las Condiciones de Uso de la Web, as\u00ed como cualquier utilizaci\u00f3n indebida de su Web ejerciendo todas las acciones civiles y penales que le puedan corresponder en derecho.<\/p><ul><li>Modificaciones y enlaces<\/li><\/ul><p>Las presentes Condiciones de Uso se refieren \u00fanicamente a la Web y contenidos de Bodegas Centro Espa\u00f1olas, S.A. y no se aplica a los posibles enlaces o a p\u00e1ginas web de terceros accesibles a trav\u00e9s de la p\u00e1gina Web.<\/p><p>En el caso de que en www.bodegascentroes.com se dispusiesen enlaces o hiperv\u00ednculos hac\u00eda otros sitios de Internet, Bodegas Centro Espa\u00f1olas, S.A. creadora de la Web no ejercer\u00e1 ning\u00fan tipo de control sobre dichos sitios y contenidos. En ning\u00fan caso, Bodegas Centro Espa\u00f1olas, S.A., creadora de la Web, asumir\u00e1 responsabilidad alguna por los contenidos de alg\u00fan enlace perteneciente a un sitio web ajeno, ni garantizar\u00e1 la disponibilidad t\u00e9cnica, calidad, fiabilidad, exactitud, amplitud, veracidad, validez y constitucionalidad de cualquier material o informaci\u00f3n contenida en ninguno de dichos hiperv\u00ednculos u otros sitios de Internet. Igualmente, la inclusi\u00f3n de estas conexiones externas no implicar\u00e1 ning\u00fan tipo de asociaci\u00f3n, fusi\u00f3n o participaci\u00f3n con las entidades conectadas.<\/p><p>Los enlaces se proporcionan \u00fanicamente para informar al Usuario sobre la existencia de otras fuentes de informaci\u00f3n sobre un tema concreto, y la inclusi\u00f3n de un enlace no implica la aprobaci\u00f3n de la p\u00e1gina web enlazada por parte de su titular.<\/p><p>Bodegas Centro Espa\u00f1olas, S.A. se reserva el derecho de efectuar sin previo aviso las modificaciones que considere oportunas en el presente Aviso Legal, cualquier advertencia legal espec\u00edfica, as\u00ed como las Condiciones de Uso, la Pol\u00edtica de Privacidad y\/o en su Web, pudiendo cambiar, suprimir o a\u00f1adir tanto los contenidos y servicios que presta como la forma en la que \u00e9stos aparezcan presentados o localizados.<\/p><p>Bodegas Centro Espa\u00f1olas, S.A. no se responsabiliza del mal uso que se realice de los contenidos de su Web, siendo exclusiva responsabilidad de la persona que accede a ellos y\/o los utiliza. En todo caso, para interponer cualquier reclamaci\u00f3n relacionada con los contenidos insertados en cualquiera de las secciones, puede hacerlo dirigi\u00e9ndose a el tel\u00e9fono (+34) 926 50 56 53.<\/p><ul><li>Enlaces externos a redes sociales<\/li><\/ul><p>Esta Web tiene enlaces externos a otros sitios web que podr\u00edan tratar la informaci\u00f3n conforme a otras pol\u00edticas de privacidad (p.ej., redes sociales como Facebook, Twitter). En ning\u00fan caso seremos responsables del uso que terceros hagan de esa informaci\u00f3n si el Usuario decide libremente proporcionarlos.<\/p><p>Para mejorar su experiencia de Usuario, esta Web ha habilitado botones sociales de Facebook u otras redes sociales, para permitir que el Usuario pueda compartir con su c\u00edrculo social aquellos contenidos que le resulten de inter\u00e9s. As\u00ed mismo, los botones sociales te evitan la molestia de aportar tus datos personales a esta Web mediante el aprovechamiento de la informaci\u00f3n ya compartida de las mencionadas redes sociales, datos a los que no tenemos acceso.<\/p><ul><li>Responsabilidad de uso y funcionamiento de la web<\/li><\/ul><p>El Usuario es el \u00fanico responsable de las infracciones en las que pueda incurrir o de los perjuicios que pueda causar por la utilizaci\u00f3n de la Web, quedando Bodegas Centro Espa\u00f1olas, S.A. sus socios, empresas vinculadas, colaboradores, empleados y representantes exonerados de cualquier clase de responsabilidad que pudiera derivarse de las acciones del Usuario.<\/p><p>Bodegas Centro Espa\u00f1olas, S.A. emplear\u00e1 todos los esfuerzos y medios razonables para facilitar informaci\u00f3n actualizada y fehaciente en la Web. No obstante, Bodegas Centro Espa\u00f1olas, S.A. no asume ninguna garant\u00eda con relaci\u00f3n a la presencia de errores o posibles inexactitudes y\/u omisiones en ninguno de los contenidos accesibles a trav\u00e9s de esta Web.<\/p><p>El Usuario es el \u00fanico responsable frente a cualquier reclamaci\u00f3n o acci\u00f3n legal, judicial o extrajudicial, iniciada por terceras personas contra el Titular basada en la utilizaci\u00f3n de la Web por el Usuario. En su caso, el Usuario asumir\u00e1 cuantos gastos, costes e indemnizaciones sean irrogados al Titular con motivo de tales reclamaciones o acciones legales.<\/p><p>Bodegas Centro Espa\u00f1olas, S.A. excluye toda responsabilidad que se pudiera derivar de interferencias, omisiones, interrupciones, virus inform\u00e1ticos, aver\u00edas telef\u00f3nicas o desconexiones en el funcionamiento operativo de nuestro sistema electr\u00f3nico.<\/p><p>Igualmente, se excluye cualquier responsabilidad que pudiera derivarse por retrasos o bloqueos en el funcionamiento operativo de este sistema electr\u00f3nico causado por deficiencias o sobre carga en las l\u00edneas telef\u00f3nicas o en Internet, as\u00ed como de da\u00f1os causados por terceras personas mediante intromisiones ilegitimas fuera del control de Bodegas Centro Espa\u00f1olas, S.A.<\/p><p>Bodegas Centro Espa\u00f1olas, S.A. podr\u00e1 suspender temporalmente, y sin previo aviso, el acceso a la Web con motivo de operaciones de mantenimiento, reparaci\u00f3n, actualizaci\u00f3n o mejora.<\/p><ul><li>Ley aplicable y jurisdicci\u00f3n competente<\/li><\/ul><p>Las Condiciones de Uso de la Web contenidas en este Aviso Legal, as\u00ed como las relaciones entre el Usuario y Bodegas Centro Espa\u00f1olas, S.A. se regir\u00e1n e interpretar\u00e1n de acuerdo con las leyes espa\u00f1olas. Para la soluci\u00f3n de cualquier conflicto que pudiera suscitarse, el Usuario y Bodegas Centro Espa\u00f1olas, S.A. se someten expresamente a la competencia y jurisdicci\u00f3n de los juzgados y tribunales de la ciudad de Madrid, renunciando expresamente a cualquier otro fuero que pudiese corresponderles.<\/p><p>Bodegas Centro Espa\u00f1olas, S.A. perseguir\u00e1 el incumplimiento de las presentes Condiciones de Uso, as\u00ed como cualquier utilizaci\u00f3n indebida de la Web ejerciendo todas las acciones civiles y penales que le puedan corresponder y asistan en derecho.<\/p>\t\t\t\t\t\t\t\t<\/div>\n\t\t\t\t\t<\/div>\n\t\t\t\t<\/div>\n\t\t\t\t<\/div>\n\t\t","protected":false},"excerpt":{"rendered":"<p>Aviso legal En cumplimiento del art. 10 de la Ley 34\/2002, de 11 de julio, de Servicios de la Sociedad de la Informaci\u00f3n y de Comercio Electr\u00f3nico (LSSI), se le informa: Raz\u00f3n social: Bodegas Centro Espa\u00f1olas, S.A. CIF: A-13154927 Domicilio: Carretera Alcazar, Km1, 13700, Tomelloso (Ciudad Real). Tel\u00e9fono: (+34) 926 50 56 53 El presente [&hellip;]<\/p>\n","protected":false},"author":3,"featured_media":0,"parent":0,"menu_order":0,"comment_status":"closed","ping_status":"closed","template":"","meta":{"footnotes":""},"class_list":["post-7354","page","type-page","status-publish","hentry"],"_links":{"self":[{"href":"https:\/\/bodegascentroes.com\/index.php\/wp-json\/wp\/v2\/pages\/7354","targetHints":{"allow":["GET"]}}],"collection":[{"href":"https:\/\/bodegascentroes.com\/index.php\/wp-json\/wp\/v2\/pages"}],"about":[{"href":"https:\/\/bodegascentroes.com\/index.php\/wp-json\/wp\/v2\/types\/page"}],"author":[{"embeddable":true,"href":"https:\/\/bodegascentroes.com\/index.php\/wp-json\/wp\/v2\/users\/3"}],"replies":[{"embeddable":true,"href":"https:\/\/bodegascentroes.com\/index.php\/wp-json\/wp\/v2\/comments?post=7354"}],"version-history":[{"count":5,"href":"https:\/\/bodegascentroes.com\/index.php\/wp-json\/wp\/v2\/pages\/7354\/revisions"}],"predecessor-version":[{"id":7504,"href":"https:\/\/bodegascentroes.com\/index.php\/wp-json\/wp\/v2\/pages\/7354\/revisions\/7504"}],"wp:attachment":[{"href":"https:\/\/bodegascentroes.com\/index.php\/wp-json\/wp\/v2\/media?parent=7354"}],"curies":[{"name":"wp","href":"https:\/\/api.w.org\/{rel}","templated":true}]}}